{"id":13,"date":"2015-11-11T09:12:09","date_gmt":"2015-11-11T08:12:09","guid":{"rendered":"http:\/\/www.ln4solutions.com\/ln4\/?page_id=13"},"modified":"2023-04-14T08:54:25","modified_gmt":"2023-04-14T06:54:25","slug":"forstudie","status":"publish","type":"page","link":"https:\/\/www.ln4solutions.com\/ln4\/tjanster\/forstudie\/","title":{"rendered":"Analys av projektmognad"},"content":{"rendered":"\n<p><\/p>\n\n\n\n<p>Projektmognad \u00e4r ett begrepp som anv\u00e4nds f\u00f6r att beskriva en organisations f\u00f6rm\u00e5ga att genomf\u00f6ra projekt p\u00e5 ett effektivt och framg\u00e5ngsrikt s\u00e4tt och har utvecklat en standardiserad och strukturerad metodik f\u00f6r att hantera projekt, vilket leder till \u00f6kad effektivitet och kvalitet i projektarbetet. Det kan innefatta anv\u00e4ndning av verktyg och tekniker f\u00f6r att hantera projekt, s\u00e5som projektplanering, tidsplanering och resursallokering.<\/p>\n\n\n\n<p>F\u00f6r att utv\u00e4rdera sin egen projektmognad kan organisationer anv\u00e4nda olika modeller, s\u00e5som Capability Maturity Model Integration (CMMI) och Project Management Maturity Model (PMMM), som ger en strukturerad ram f\u00f6r att bed\u00f6ma organisationens f\u00f6rm\u00e5ga att genomf\u00f6ra projekt p\u00e5 ett effektivt s\u00e4tt och identifiera omr\u00e5den d\u00e4r f\u00f6rb\u00e4ttringar kan g\u00f6ras.<\/p>\n\n\n\n<div class=\"wp-block-columns is-layout-flex wp-container-core-columns-is-layout-9d6595d7 wp-block-columns-is-layout-flex\">\n<div class=\"wp-block-column is-layout-flow wp-block-column-is-layout-flow\">\n<figure class=\"wp-block-image size-full\"><a href=\"https:\/\/www.ln4solutions.com\/ln4\/wp-content\/uploads\/2023\/04\/CMMI-bilden.png\"><img loading=\"lazy\" decoding=\"async\" width=\"1007\" height=\"561\" src=\"https:\/\/www.ln4solutions.com\/ln4\/wp-content\/uploads\/2023\/04\/CMMI-bilden.png\" alt=\"\" class=\"wp-image-1694\" srcset=\"https:\/\/www.ln4solutions.com\/ln4\/wp-content\/uploads\/2023\/04\/CMMI-bilden.png 1007w, https:\/\/www.ln4solutions.com\/ln4\/wp-content\/uploads\/2023\/04\/CMMI-bilden-300x167.png 300w, https:\/\/www.ln4solutions.com\/ln4\/wp-content\/uploads\/2023\/04\/CMMI-bilden-768x428.png 768w\" sizes=\"auto, (max-width: 1007px) 100vw, 1007px\" \/><\/a><\/figure>\n<\/div>\n\n\n\n<div class=\"wp-block-column is-layout-flow wp-block-column-is-layout-flow\">\n<p>Genom en digitalisering av projektkontoret befinner sig&nbsp; en organisation direkt p\u00e5 niv\u00e5 3 med en v\u00e4ldefinierad styrning. Niv\u00e5 4 n\u00e5s genom en kombination av f\u00f6r\u00e4ndringsledning och att chefer \u00e4r konsekventa med att endast acceptera beslutsunderlag och progressrapportering genom digitaliseringens IT-st\u00f6d.<\/p>\n\n\n\n<p>Niv\u00e5 5, st\u00e4ndiga f\u00f6rb\u00e4ttringar, kr\u00e4ver m\u00e4tning av KPI:er som kan j\u00e4mf\u00f6ras mellan avdelningar och aff\u00e4rsomr\u00e5den. S\u00e5dana KPI:er utg\u00f6rs t.ex. av resurs- respektive projekteffektivitet. Metoden PDCA, som bl.a. anv\u00e4nds vid Project Excellens Preparation \u00e4r ett exempel p\u00e5 hur man kan arbeta med st\u00e4ndiga f\u00f6rb\u00e4ttringar.<\/p>\n<\/div>\n<\/div>\n\n\n\n<h2 class=\"wp-block-heading\">Med digitalisering och sj\u00e4lvutv\u00e4rderning<\/h2>\n\n\n\n<div class=\"wp-block-columns is-layout-flex wp-container-core-columns-is-layout-9d6595d7 wp-block-columns-is-layout-flex\">\n<div class=\"wp-block-column is-layout-flow wp-block-column-is-layout-flow\">\n<p>Med sj\u00e4lvutv\u00e4rdering mot kontrollfr\u00e5gor f\u00e5r varje projektledare ansvar f\u00f6r sitt eget arbete med dessutom en kraftfullt l\u00e4rande effekt. F\u00f6rutom att det direkt gynnar den egna kompetensen kan en projektledare ligga steget f\u00f6re projektkontorets granskning. Det brukar vara extra motiverande och projektkontorets granskning blir i st\u00e4llet ett tillf\u00e4lle till att gl\u00e4nsa och f\u00e5 sin kompetens bekr\u00e4ftad.<\/p>\n\n\n\n<p>En digitalisering i form att ett verktygsst\u00f6d med en inbyggd projektmodell g\u00f6r traditionella projektledarutbildningar i projektstyrning \u00f6verfl\u00f6diga. Nu l\u00e4r man sig genom att g\u00f6ra jobbet med inbyggt st\u00f6d samt med st\u00f6d av en f\u00f6r\u00e4ndringsledare med projektledarkompetens.<\/p>\n<\/div>\n\n\n\n<div class=\"wp-block-column is-layout-flow wp-block-column-is-layout-flow\">\n<figure class=\"wp-block-image size-full\"><a href=\"https:\/\/www.ln4solutions.com\/ln4\/wp-content\/uploads\/2023\/04\/CMMI-sjalvutvardering-1.png\"><img loading=\"lazy\" decoding=\"async\" width=\"1012\" height=\"480\" src=\"https:\/\/www.ln4solutions.com\/ln4\/wp-content\/uploads\/2023\/04\/CMMI-sjalvutvardering-1.png\" alt=\"\" class=\"wp-image-1696\" srcset=\"https:\/\/www.ln4solutions.com\/ln4\/wp-content\/uploads\/2023\/04\/CMMI-sjalvutvardering-1.png 1012w, https:\/\/www.ln4solutions.com\/ln4\/wp-content\/uploads\/2023\/04\/CMMI-sjalvutvardering-1-300x142.png 300w, https:\/\/www.ln4solutions.com\/ln4\/wp-content\/uploads\/2023\/04\/CMMI-sjalvutvardering-1-768x364.png 768w\" sizes=\"auto, (max-width: 1012px) 100vw, 1012px\" \/><\/a><\/figure>\n<\/div>\n<\/div>\n\n\n\n<hr class=\"wp-block-separator has-alpha-channel-opacity\"\/>\n\n\n\n<div class=\"wp-block-columns is-layout-flex wp-container-core-columns-is-layout-9d6595d7 wp-block-columns-is-layout-flex\">\n<div class=\"wp-block-column is-layout-flow wp-block-column-is-layout-flow\">\n<figure class=\"wp-block-image size-full\"><a href=\"https:\/\/www.ln4solutions.com\/ln4\/wp-content\/uploads\/2023\/04\/P3M3-undersokning.png\"><img loading=\"lazy\" decoding=\"async\" width=\"904\" height=\"533\" src=\"https:\/\/www.ln4solutions.com\/ln4\/wp-content\/uploads\/2023\/04\/P3M3-undersokning.png\" alt=\"\" class=\"wp-image-1711\" srcset=\"https:\/\/www.ln4solutions.com\/ln4\/wp-content\/uploads\/2023\/04\/P3M3-undersokning.png 904w, https:\/\/www.ln4solutions.com\/ln4\/wp-content\/uploads\/2023\/04\/P3M3-undersokning-300x177.png 300w, https:\/\/www.ln4solutions.com\/ln4\/wp-content\/uploads\/2023\/04\/P3M3-undersokning-768x453.png 768w\" sizes=\"auto, (max-width: 904px) 100vw, 904px\" \/><\/a><\/figure>\n<\/div>\n\n\n\n<div class=\"wp-block-column is-layout-flow wp-block-column-is-layout-flow\">\n<p>Exempel p\u00e5 redovisning av en projektmognadsunders\u00f6kning. Tv\u00e5 saker att notera. Det ena \u00e4r att projektledare och h\u00f6gre chefer ha en st\u00f6rre tilltro till den egna projektmognaden \u00e4n chefer f\u00f6r projektkontor. Det andra \u00e4r att skalan enbart  t\u00e4cker in niv\u00e5 3. Niv\u00e5 3 inneb\u00e4r att styrningen \u00e4r definierad. Niv\u00e5 4 inneb\u00e4r att en definierad styrningen ocks\u00e5 anv\u00e4nds.<\/p>\n<\/div>\n<\/div>\n","protected":false},"excerpt":{"rendered":"<p>Projektmognad \u00e4r ett begrepp som anv\u00e4nds f\u00f6r att beskriva en organisations f\u00f6rm\u00e5ga att genomf\u00f6ra projekt p\u00e5 ett effektivt och framg\u00e5ngsrikt s\u00e4tt och har utvecklat en standardiserad och strukturerad metodik f\u00f6r att hantera projekt, vilket leder till \u00f6kad effektivitet och kvalitet i projektarbetet. Det kan innefatta anv\u00e4ndning av verktyg och tekniker f\u00f6r att hantera projekt, s\u00e5som&hellip;&nbsp;<a href=\"https:\/\/www.ln4solutions.com\/ln4\/tjanster\/forstudie\/\" class=\"\" rel=\"bookmark\">L\u00e4s mer &raquo;<span class=\"screen-reader-text\">Analys av projektmognad<\/span><\/a><\/p>\n","protected":false},"author":1,"featured_media":0,"parent":8,"menu_order":1,"comment_status":"closed","ping_status":"closed","template":"","meta":{"neve_meta_sidebar":"","neve_meta_container":"","neve_meta_enable_content_width":"","neve_meta_content_width":0,"neve_meta_title_alignment":"","neve_meta_author_avatar":"","neve_post_elements_order":"","neve_meta_disable_header":"","neve_meta_disable_footer":"","neve_meta_disable_title":"","_themeisle_gutenberg_block_has_review":false,"_ti_tpc_template_sync":false,"_ti_tpc_template_id":"","footnotes":""},"class_list":["post-13","page","type-page","status-publish","hentry"],"_links":{"self":[{"href":"https:\/\/www.ln4solutions.com\/ln4\/wp-json\/wp\/v2\/pages\/13","targetHints":{"allow":["GET"]}}],"collection":[{"href":"https:\/\/www.ln4solutions.com\/ln4\/wp-json\/wp\/v2\/pages"}],"about":[{"href":"https:\/\/www.ln4solutions.com\/ln4\/wp-json\/wp\/v2\/types\/page"}],"author":[{"embeddable":true,"href":"https:\/\/www.ln4solutions.com\/ln4\/wp-json\/wp\/v2\/users\/1"}],"replies":[{"embeddable":true,"href":"https:\/\/www.ln4solutions.com\/ln4\/wp-json\/wp\/v2\/comments?post=13"}],"version-history":[{"count":13,"href":"https:\/\/www.ln4solutions.com\/ln4\/wp-json\/wp\/v2\/pages\/13\/revisions"}],"predecessor-version":[{"id":1806,"href":"https:\/\/www.ln4solutions.com\/ln4\/wp-json\/wp\/v2\/pages\/13\/revisions\/1806"}],"up":[{"embeddable":true,"href":"https:\/\/www.ln4solutions.com\/ln4\/wp-json\/wp\/v2\/pages\/8"}],"wp:attachment":[{"href":"https:\/\/www.ln4solutions.com\/ln4\/wp-json\/wp\/v2\/media?parent=13"}],"curies":[{"name":"wp","href":"https:\/\/api.w.org\/{rel}","templated":true}]}}