{"id":15,"date":"2015-11-11T09:14:01","date_gmt":"2015-11-11T08:14:01","guid":{"rendered":"http:\/\/www.ln4solutions.com\/ln4\/?page_id=15"},"modified":"2023-04-12T17:22:10","modified_gmt":"2023-04-12T15:22:10","slug":"inforande-av-governance","status":"publish","type":"page","link":"https:\/\/www.ln4solutions.com\/ln4\/tjanster\/inforande-av-governance\/","title":{"rendered":"Governance"},"content":{"rendered":"<p>\u00a0<\/p>\n<p>Governance inneb\u00e4r att ledningen f\u00f6r en organisation ut\u00f6var sitt ansvar att styra och f\u00f6lja upp sin verksamhet baserat p\u00e5 verifierade data.\u00a0Ln4 Solutions har utvecklat ett helt nytt s\u00e4tt att klara av att inf\u00f6ra projektkontor och att kontrollera projekt genom ramverket Solutions for Teamwork\u00ae (SofT\u2122) som \u00e4r framtagen f\u00f6r att medge en l\u00e4ttare planering och ha en enklare rapportering. Vi kallar v\u00e5ra konsulter PT (personliga tr\u00e4nare), precis som p\u00e5 gym visar de hur arbetet g\u00e5r till och allteftersom vanan intr\u00e4der minska behovet av st\u00f6d efter ett tag.<br \/>Vi erbjuder ett fortsatt \u00e5tagande genom att organisationer som anv\u00e4nder molntj\u00e4nsten LeanFour kan outsourca sitt projektkontor.<\/p>\n\n\n<div class=\"wp-block-columns is-layout-flex wp-container-core-columns-is-layout-9d6595d7 wp-block-columns-is-layout-flex\">\n<div class=\"wp-block-column is-layout-flow wp-block-column-is-layout-flow\">\n<p>De roller som \u00e5terfinns hos alla matrisorganisationer visas i bilden med sina respektive ansvar. Hos v\u00e4xande organisationer blir det ofta problem vid plus 15 &#8211; 20 personer. Antingen delas verksamheten upp till isolerade aff\u00e4rsomr\u00e5den med egen personal s.k. Silos, men b\u00e4ttre \u00e4r att skapa en matrisorganisation med uppdelat ansvar f\u00f6r projekt och portf\u00f6ljer samt ansvaret f\u00f6r resurskapacitet och bel\u00e4ggning. F\u00f6r att optimera nyttan och int\u00e4kterna av investeringen i personal b\u00f6r man till\u00e4mpa interndebitering. Med LeanFour TP3 g\u00e5r det enkelt att modellera olika matrisorganisationer och portf\u00f6ljstyrning. <\/p>\n\n\n\n<p>En komplett l\u00f6sning klaras inom 6 kalenderveckor med v\u00e5r programvara som ocks\u00e5 utg\u00f6r ett virtuellt komplett projektkontor.<\/p>\n<\/div>\n\n\n\n<div class=\"wp-block-column is-layout-flow wp-block-column-is-layout-flow\">\n<figure class=\"wp-block-image size-large\"><a href=\"https:\/\/www.ln4solutions.com\/ln4\/wp-content\/uploads\/2023\/04\/Governance.jpg\"><img loading=\"lazy\" decoding=\"async\" width=\"1024\" height=\"570\" src=\"https:\/\/www.ln4solutions.com\/ln4\/wp-content\/uploads\/2023\/04\/Governance-1024x570.jpg\" alt=\"\" class=\"wp-image-1732\" srcset=\"https:\/\/www.ln4solutions.com\/ln4\/wp-content\/uploads\/2023\/04\/Governance-1024x570.jpg 1024w, https:\/\/www.ln4solutions.com\/ln4\/wp-content\/uploads\/2023\/04\/Governance-300x167.jpg 300w, https:\/\/www.ln4solutions.com\/ln4\/wp-content\/uploads\/2023\/04\/Governance-768x427.jpg 768w, https:\/\/www.ln4solutions.com\/ln4\/wp-content\/uploads\/2023\/04\/Governance.jpg 1114w\" sizes=\"auto, (max-width: 1024px) 100vw, 1024px\" \/><\/a><\/figure>\n<\/div>\n<\/div>\n","protected":false},"excerpt":{"rendered":"<p>\u00a0 Governance inneb\u00e4r att ledningen f\u00f6r en organisation ut\u00f6var sitt ansvar att styra och f\u00f6lja upp sin verksamhet baserat p\u00e5 verifierade data.\u00a0Ln4 Solutions har utvecklat ett helt nytt s\u00e4tt att klara av att inf\u00f6ra projektkontor och att kontrollera projekt genom ramverket Solutions for Teamwork\u00ae (SofT\u2122) som \u00e4r framtagen f\u00f6r att medge en l\u00e4ttare planering och&hellip;&nbsp;<a href=\"https:\/\/www.ln4solutions.com\/ln4\/tjanster\/inforande-av-governance\/\" class=\"\" rel=\"bookmark\">L\u00e4s mer &raquo;<span class=\"screen-reader-text\">Governance<\/span><\/a><\/p>\n","protected":false},"author":1,"featured_media":0,"parent":8,"menu_order":2,"comment_status":"closed","ping_status":"closed","template":"","meta":{"neve_meta_sidebar":"","neve_meta_container":"","neve_meta_enable_content_width":"","neve_meta_content_width":0,"neve_meta_title_alignment":"","neve_meta_author_avatar":"","neve_post_elements_order":"","neve_meta_disable_header":"","neve_meta_disable_footer":"","neve_meta_disable_title":"","_themeisle_gutenberg_block_has_review":false,"_ti_tpc_template_sync":false,"_ti_tpc_template_id":"","footnotes":""},"class_list":["post-15","page","type-page","status-publish","hentry"],"_links":{"self":[{"href":"https:\/\/www.ln4solutions.com\/ln4\/wp-json\/wp\/v2\/pages\/15","targetHints":{"allow":["GET"]}}],"collection":[{"href":"https:\/\/www.ln4solutions.com\/ln4\/wp-json\/wp\/v2\/pages"}],"about":[{"href":"https:\/\/www.ln4solutions.com\/ln4\/wp-json\/wp\/v2\/types\/page"}],"author":[{"embeddable":true,"href":"https:\/\/www.ln4solutions.com\/ln4\/wp-json\/wp\/v2\/users\/1"}],"replies":[{"embeddable":true,"href":"https:\/\/www.ln4solutions.com\/ln4\/wp-json\/wp\/v2\/comments?post=15"}],"version-history":[{"count":8,"href":"https:\/\/www.ln4solutions.com\/ln4\/wp-json\/wp\/v2\/pages\/15\/revisions"}],"predecessor-version":[{"id":1768,"href":"https:\/\/www.ln4solutions.com\/ln4\/wp-json\/wp\/v2\/pages\/15\/revisions\/1768"}],"up":[{"embeddable":true,"href":"https:\/\/www.ln4solutions.com\/ln4\/wp-json\/wp\/v2\/pages\/8"}],"wp:attachment":[{"href":"https:\/\/www.ln4solutions.com\/ln4\/wp-json\/wp\/v2\/media?parent=15"}],"curies":[{"name":"wp","href":"https:\/\/api.w.org\/{rel}","templated":true}]}}