{"id":1534,"date":"2023-02-23T11:27:09","date_gmt":"2023-02-23T10:27:09","guid":{"rendered":"https:\/\/www.ln4solutions.com\/ln4\/?page_id=1534"},"modified":"2023-02-23T12:55:32","modified_gmt":"2023-02-23T11:55:32","slug":"stod-till-projektledare","status":"publish","type":"page","link":"https:\/\/www.ln4solutions.com\/ln4\/referensdokument\/stod-till-projektledare\/","title":{"rendered":"St\u00f6d till projektledare"},"content":{"rendered":"\n<p><\/p>\n\n\n\n<div class=\"wp-block-columns is-layout-flex wp-container-core-columns-is-layout-9d6595d7 wp-block-columns-is-layout-flex\">\n<div class=\"wp-block-column is-layout-flow wp-block-column-is-layout-flow\">\n<h2 class=\"wp-block-heading\">Personlig Tr\u00e4nare till Projektledare<\/h2>\n\n\n\n<p>I detta erbjudande \u00e5terfinns en delm\u00e4ngd av den ordinarie utbildningen till att vara en digital och datadriven projektledare. Fokus \u00e4r att planera och driva slutf\u00f6randet av ett p\u00e5g\u00e5ende projekt. Det \u00e4r inte ovanligt att projektledare upplever frustration \u00f6ver oklara direktiv och att inte f\u00e5 utlovade resurser. Med en projekt-PT f\u00e5r projektledaren l\u00e4ra sig att planera och att hantera chefer p\u00e5 ett s\u00e4tt som eliminerar vanliga hinder f\u00f6r ett projekt i en verksamhet.<\/p>\n\n\n\n<p>Du beh\u00f6ver fylla i formul\u00e4ret h\u00e4r bredvid. En l\u00e4nk till dokumentet kommer att skickas till dig.<\/p>\n<\/div>\n\n\n\n<div class=\"wp-block-column is-layout-flow wp-block-column-is-layout-flow\">\n<h2 class=\"wp-block-heading\">Best\u00e4ll Manual<\/h2>\n\n\n\n<div class=\"wp-block-contact-form-7-contact-form-selector\">\n<div class=\"wpcf7 no-js\" id=\"wpcf7-f1553-o1\" lang=\"sv-SE\" dir=\"ltr\">\n<div class=\"screen-reader-response\"><p role=\"status\" aria-live=\"polite\" aria-atomic=\"true\"><\/p> <ul><\/ul><\/div>\n<form action=\"\/ln4\/wp-json\/wp\/v2\/pages\/1534#wpcf7-f1553-o1\" method=\"post\" class=\"wpcf7-form init\" aria-label=\"Kontaktformul\u00e4r\" novalidate=\"novalidate\" data-status=\"init\">\n<div style=\"display: none;\">\n<input type=\"hidden\" name=\"_wpcf7\" value=\"1553\" \/>\n<input type=\"hidden\" name=\"_wpcf7_version\" value=\"5.9.8\" \/>\n<input type=\"hidden\" name=\"_wpcf7_locale\" value=\"sv_SE\" \/>\n<input type=\"hidden\" name=\"_wpcf7_unit_tag\" value=\"wpcf7-f1553-o1\" \/>\n<input type=\"hidden\" name=\"_wpcf7_container_post\" value=\"0\" \/>\n<input type=\"hidden\" name=\"_wpcf7_posted_data_hash\" value=\"\" \/>\n<input type=\"hidden\" name=\"_wpcf7_recaptcha_response\" value=\"\" \/>\n<\/div>\n<p>Ditt namn<br \/>\n<span class=\"wpcf7-form-control-wrap\" data-name=\"text-584\"><input size=\"40\" maxlength=\"400\" class=\"wpcf7-form-control wpcf7-text wpcf7-validates-as-required\" aria-required=\"true\" aria-invalid=\"false\" placeholder=\"Ange ditt namn *\" value=\"\" type=\"text\" name=\"text-584\" \/><\/span><br \/>\nMejl<br \/>\n<span class=\"wpcf7-form-control-wrap\" data-name=\"email-304\"><input size=\"40\" maxlength=\"400\" class=\"wpcf7-form-control wpcf7-email wpcf7-validates-as-required wpcf7-text wpcf7-validates-as-email\" aria-required=\"true\" aria-invalid=\"false\" placeholder=\"Din E-post*\" value=\"\" type=\"email\" name=\"email-304\" \/><\/span><br \/>\nMobilnr<br \/>\n<span class=\"wpcf7-form-control-wrap\" data-name=\"tel-640\"><input size=\"40\" maxlength=\"400\" class=\"wpcf7-form-control wpcf7-tel wpcf7-validates-as-required wpcf7-text wpcf7-validates-as-tel\" aria-required=\"true\" aria-invalid=\"false\" placeholder=\"Mobiltelefon*\" value=\"\" type=\"tel\" name=\"tel-640\" \/><\/span><br \/>\nOrganisation<br \/>\n<span class=\"wpcf7-form-control-wrap\" data-name=\"text-338\"><input size=\"40\" maxlength=\"400\" class=\"wpcf7-form-control wpcf7-text\" aria-invalid=\"false\" placeholder=\"F\u00f6retag \/ Organisation*\" value=\"\" type=\"text\" name=\"text-338\" \/><\/span><br \/>\nRoll<br \/>\n<span class=\"wpcf7-form-control-wrap\" data-name=\"text-845\"><input size=\"40\" maxlength=\"400\" class=\"wpcf7-form-control wpcf7-text wpcf7-validates-as-required\" aria-required=\"true\" aria-invalid=\"false\" placeholder=\"Din roll i organisationen*\" value=\"\" type=\"text\" name=\"text-845\" \/><\/span><br \/>\nMeddelande<br \/>\n<span class=\"wpcf7-form-control-wrap\" data-name=\"textarea-977\"><textarea cols=\"40\" rows=\"10\" maxlength=\"2000\" class=\"wpcf7-form-control wpcf7-textarea\" aria-invalid=\"false\" placeholder=\"Ange g\u00e4rna dina utmaningar\" name=\"textarea-977\"><\/textarea><\/span>\n<\/p>\n<p>Jag godk\u00e4nner att mina data f\u00e5r registreras hos Ln4 Solutions AB <span class=\"wpcf7-form-control-wrap\" data-name=\"acceptance-894\"><span class=\"wpcf7-form-control wpcf7-acceptance\"><span class=\"wpcf7-list-item\"><input type=\"checkbox\" name=\"acceptance-894\" value=\"1\" aria-invalid=\"false\" \/><\/span><\/span><\/span>\n<\/p>\n<p><input class=\"wpcf7-form-control wpcf7-submit has-spinner\" type=\"submit\" value=\"Skicka\" \/><br \/>\nKontrollera din skr\u00e4ppost om svaret dr\u00f6jer.\n<\/p><div class=\"wpcf7-response-output\" aria-hidden=\"true\"><\/div>\n<\/form>\n<\/div>\n<\/div>\n<\/div>\n<\/div>\n","protected":false},"excerpt":{"rendered":"<p>Personlig Tr\u00e4nare till Projektledare I detta erbjudande \u00e5terfinns en delm\u00e4ngd av den ordinarie utbildningen till att vara en digital och datadriven projektledare. Fokus \u00e4r att planera och driva slutf\u00f6randet av ett p\u00e5g\u00e5ende projekt. Det \u00e4r inte ovanligt att projektledare upplever frustration \u00f6ver oklara direktiv och att inte f\u00e5 utlovade resurser. Med en projekt-PT f\u00e5r projektledaren&hellip;&nbsp;<a href=\"https:\/\/www.ln4solutions.com\/ln4\/referensdokument\/stod-till-projektledare\/\" class=\"\" rel=\"bookmark\">L\u00e4s mer &raquo;<span class=\"screen-reader-text\">St\u00f6d till projektledare<\/span><\/a><\/p>\n","protected":false},"author":1,"featured_media":0,"parent":99,"menu_order":0,"comment_status":"closed","ping_status":"closed","template":"","meta":{"neve_meta_sidebar":"","neve_meta_container":"","neve_meta_enable_content_width":"","neve_meta_content_width":0,"neve_meta_title_alignment":"","neve_meta_author_avatar":"","neve_post_elements_order":"","neve_meta_disable_header":"","neve_meta_disable_footer":"","neve_meta_disable_title":"","_themeisle_gutenberg_block_has_review":false,"_ti_tpc_template_sync":false,"_ti_tpc_template_id":"","footnotes":""},"class_list":["post-1534","page","type-page","status-publish","hentry"],"_links":{"self":[{"href":"https:\/\/www.ln4solutions.com\/ln4\/wp-json\/wp\/v2\/pages\/1534","targetHints":{"allow":["GET"]}}],"collection":[{"href":"https:\/\/www.ln4solutions.com\/ln4\/wp-json\/wp\/v2\/pages"}],"about":[{"href":"https:\/\/www.ln4solutions.com\/ln4\/wp-json\/wp\/v2\/types\/page"}],"author":[{"embeddable":true,"href":"https:\/\/www.ln4solutions.com\/ln4\/wp-json\/wp\/v2\/users\/1"}],"replies":[{"embeddable":true,"href":"https:\/\/www.ln4solutions.com\/ln4\/wp-json\/wp\/v2\/comments?post=1534"}],"version-history":[{"count":4,"href":"https:\/\/www.ln4solutions.com\/ln4\/wp-json\/wp\/v2\/pages\/1534\/revisions"}],"predecessor-version":[{"id":1558,"href":"https:\/\/www.ln4solutions.com\/ln4\/wp-json\/wp\/v2\/pages\/1534\/revisions\/1558"}],"up":[{"embeddable":true,"href":"https:\/\/www.ln4solutions.com\/ln4\/wp-json\/wp\/v2\/pages\/99"}],"wp:attachment":[{"href":"https:\/\/www.ln4solutions.com\/ln4\/wp-json\/wp\/v2\/media?parent=1534"}],"curies":[{"name":"wp","href":"https:\/\/api.w.org\/{rel}","templated":true}]}}