{"id":1668,"date":"2023-02-28T20:14:26","date_gmt":"2023-02-28T19:14:26","guid":{"rendered":"http:\/\/www.ln4solutions.com\/ln4\/?page_id=1668"},"modified":"2023-02-28T20:14:27","modified_gmt":"2023-02-28T19:14:27","slug":"learn-more","status":"publish","type":"page","link":"https:\/\/www.ln4solutions.com\/ln4\/learn-more\/","title":{"rendered":"Learn More"},"content":{"rendered":"\n<figure class=\"wp-block-image size-full is-resized\"><a href=\"http:\/\/www.ln4solutions.com\/ln4\/wp-content\/uploads\/2023\/02\/Vinst-flera-ganger.png\"><img loading=\"lazy\" decoding=\"async\" src=\"http:\/\/www.ln4solutions.com\/ln4\/wp-content\/uploads\/2023\/02\/Vinst-flera-ganger.png\" alt=\"\" class=\"wp-image-1667\" width=\"993\" height=\"521\" srcset=\"https:\/\/www.ln4solutions.com\/ln4\/wp-content\/uploads\/2023\/02\/Vinst-flera-ganger.png 843w, https:\/\/www.ln4solutions.com\/ln4\/wp-content\/uploads\/2023\/02\/Vinst-flera-ganger-300x157.png 300w, https:\/\/www.ln4solutions.com\/ln4\/wp-content\/uploads\/2023\/02\/Vinst-flera-ganger-768x403.png 768w\" sizes=\"auto, (max-width: 993px) 100vw, 993px\" \/><\/a><\/figure>\n\n\n\n<p>Idag \u00e4r m\u00e5nga organisationer ineffektiva i on\u00f6digt stor utstr\u00e4ckning. Det \u00e4r inte ovanligt med en reell effektivitet p\u00e5 en bit under 50 procent mot de n\u00e4rmare 80 m\u00f6jliga, trots extra semester och frikostigt med utbildning.<\/p>\n\n\n\n<p class=\"has-medium-font-size\">Vid tj\u00e4nsteproduktion \u00e4r det arbetstimmen \u2013 r\u00e4tt anv\u00e4nd som utg\u00f6r v\u00e4rdeskapandet. Det kan finnas olika syn p\u00e5 v\u00e4rdeskapande, men den tydligaste definitionen \u00e4r ett resultat som \u00e4r direkt fakturerabart eller anv\u00e4nd tid som kan bokf\u00f6ras som en tillg\u00e5ng (investering) i en bokf\u00f6ring. Ber\u00e4kningen av v\u00e4rdetimmar baseras p\u00e5 att en timme m\u00e5ste ligga inom budget f\u00f6r att r\u00e4knas. En stor del av ineffektivitet \u00e4r brist p\u00e5 en resursplanering som \u00e4r k\u00e4nd av medarbetare f\u00f6r egen del och p\u00e5 daglig basis samt brist p\u00e5 att anv\u00e4nda arbetstiden i planerad omfattning f\u00f6r olika \u00e4ndam\u00e5l n\u00e4r den finns. Detta avsl\u00f6jas enkelt genom en att j\u00e4mf\u00f6ra planeringen av ett upparbetningstempo med verkligt redovisad tid. Enbart en enkel resursbel\u00e4ggningsplanering som ocks\u00e5 blir verklighet och rapporteras ger en v\u00e4ldigt stor l\u00f6nsamhetsf\u00f6rb\u00e4ttring j\u00e4mf\u00f6rt med att inte ha denna typ av planering.<\/p>\n","protected":false},"excerpt":{"rendered":"<p>Idag \u00e4r m\u00e5nga organisationer ineffektiva i on\u00f6digt stor utstr\u00e4ckning. Det \u00e4r inte ovanligt med en reell effektivitet p\u00e5 en bit under 50 procent mot de n\u00e4rmare 80 m\u00f6jliga, trots extra semester och frikostigt med utbildning. Vid tj\u00e4nsteproduktion \u00e4r det arbetstimmen \u2013 r\u00e4tt anv\u00e4nd som utg\u00f6r v\u00e4rdeskapandet. Det kan finnas olika syn p\u00e5 v\u00e4rdeskapande, men den&hellip;&nbsp;<a href=\"https:\/\/www.ln4solutions.com\/ln4\/learn-more\/\" class=\"\" rel=\"bookmark\">L\u00e4s mer &raquo;<span class=\"screen-reader-text\">Learn More<\/span><\/a><\/p>\n","protected":false},"author":2,"featured_media":0,"parent":0,"menu_order":0,"comment_status":"closed","ping_status":"closed","template":"","meta":{"neve_meta_sidebar":"","neve_meta_container":"","neve_meta_enable_content_width":"","neve_meta_content_width":0,"neve_meta_title_alignment":"","neve_meta_author_avatar":"","neve_post_elements_order":"","neve_meta_disable_header":"","neve_meta_disable_footer":"","neve_meta_disable_title":"","_themeisle_gutenberg_block_has_review":false,"_ti_tpc_template_sync":false,"_ti_tpc_template_id":"","footnotes":""},"class_list":["post-1668","page","type-page","status-publish","hentry"],"_links":{"self":[{"href":"https:\/\/www.ln4solutions.com\/ln4\/wp-json\/wp\/v2\/pages\/1668","targetHints":{"allow":["GET"]}}],"collection":[{"href":"https:\/\/www.ln4solutions.com\/ln4\/wp-json\/wp\/v2\/pages"}],"about":[{"href":"https:\/\/www.ln4solutions.com\/ln4\/wp-json\/wp\/v2\/types\/page"}],"author":[{"embeddable":true,"href":"https:\/\/www.ln4solutions.com\/ln4\/wp-json\/wp\/v2\/users\/2"}],"replies":[{"embeddable":true,"href":"https:\/\/www.ln4solutions.com\/ln4\/wp-json\/wp\/v2\/comments?post=1668"}],"version-history":[{"count":1,"href":"https:\/\/www.ln4solutions.com\/ln4\/wp-json\/wp\/v2\/pages\/1668\/revisions"}],"predecessor-version":[{"id":1669,"href":"https:\/\/www.ln4solutions.com\/ln4\/wp-json\/wp\/v2\/pages\/1668\/revisions\/1669"}],"wp:attachment":[{"href":"https:\/\/www.ln4solutions.com\/ln4\/wp-json\/wp\/v2\/media?parent=1668"}],"curies":[{"name":"wp","href":"https:\/\/api.w.org\/{rel}","templated":true}]}}