{"id":1676,"date":"2023-03-17T09:43:40","date_gmt":"2023-03-17T08:43:40","guid":{"rendered":"https:\/\/www.ln4solutions.com\/ln4\/?page_id=1676"},"modified":"2023-04-18T11:51:50","modified_gmt":"2023-04-18T09:51:50","slug":"referenser","status":"publish","type":"page","link":"https:\/\/www.ln4solutions.com\/ln4\/referenser\/","title":{"rendered":"Referenser"},"content":{"rendered":"\n<p>\/<\/p>\n\n\n\n<div class=\"wp-block-columns is-layout-flex wp-container-core-columns-is-layout-9d6595d7 wp-block-columns-is-layout-flex\">\n<div class=\"wp-block-column is-layout-flow wp-block-column-is-layout-flow\">\n<figure class=\"wp-block-image size-full is-resized\"><a href=\"http:\/\/www.ln4solutions.com\/ln4\/wp-content\/uploads\/2023\/03\/A-kassorna-plus-Helena.png\"><img loading=\"lazy\" decoding=\"async\" src=\"http:\/\/www.ln4solutions.com\/ln4\/wp-content\/uploads\/2023\/03\/A-kassorna-plus-Helena.png\" alt=\"\" class=\"wp-image-1675\" width=\"518\" height=\"538\" srcset=\"https:\/\/www.ln4solutions.com\/ln4\/wp-content\/uploads\/2023\/03\/A-kassorna-plus-Helena.png 392w, https:\/\/www.ln4solutions.com\/ln4\/wp-content\/uploads\/2023\/03\/A-kassorna-plus-Helena-289x300.png 289w\" sizes=\"auto, (max-width: 518px) 100vw, 518px\" \/><\/a><\/figure>\n<\/div>\n\n\n\n<div class=\"wp-block-column is-layout-flow wp-block-column-is-layout-flow\">\n<p>Innan vi skaffade Ln4 s\u00f6kte vi efter ett \u201dprojekthanteringsverktyg\u201d f\u00f6r att h\u00e5lla ordning p\u00e5 v\u00e5ra f\u00f6rvaltningsobjekt, projekt och uppdrag, resurser och tidrapportering. I Ln4 hittade vi det vi efters\u00f6kte samt mycket mer.<\/p>\n\n\n\n<p>Ln4 l\u00f6ser v\u00e5rt behov f\u00f6r flera olika delar. Vi anv\u00e4nder systemet framf\u00f6r allt f\u00f6r<br>&nbsp; *&nbsp;&nbsp; Portf\u00f6ljhantering<br>&nbsp; *&nbsp;&nbsp; Planering och uppf\u00f6ljning av f\u00f6rvaltningsplaner, uppdrag, projekt<br>&nbsp; *&nbsp;&nbsp; Budgetuppf\u00f6ljning och prognos<br>&nbsp; *&nbsp;&nbsp; Uppf\u00f6ljning av effektm\u00e5l och leveranser f\u00f6r f\u00f6rvaltningsobjekt, projekt<br>      och uppdrag men \u00e4ven f\u00f6r olika framtagna strategier<br>&nbsp; *&nbsp;&nbsp; Resurshantering, bel\u00e4ggning, planering i uppdrag, tidrapportering,<br>       kostnad f\u00f6r resurser<br>&nbsp; *&nbsp;&nbsp; Statusrapportering<\/p>\n\n\n\n<p>Ln4 kan enkelt anpassas efter de behov man har. Vi har t ex PPS som projektmodell och det finns inbyggt st\u00f6d f\u00f6r dess processer. Enkelt att anv\u00e4nda, tillm\u00f6tesg\u00e5ende och tillg\u00e4nglig leverant\u00f6r och m\u00f6jlighet till egna anpassningar.<\/p>\n<\/div>\n<\/div>\n\n\n\n<div class=\"wp-block-columns is-layout-flex wp-container-core-columns-is-layout-9d6595d7 wp-block-columns-is-layout-flex\">\n<div class=\"wp-block-column is-layout-flow wp-block-column-is-layout-flow\">\n<figure class=\"wp-block-image size-large is-resized\"><a href=\"http:\/\/www.ln4solutions.com\/ln4\/wp-content\/uploads\/2023\/03\/Ellen-referens.png\"><img loading=\"lazy\" decoding=\"async\" src=\"http:\/\/www.ln4solutions.com\/ln4\/wp-content\/uploads\/2023\/03\/Ellen-referens-683x1024.png\" alt=\"\" class=\"wp-image-1678\" width=\"368\" height=\"551\" srcset=\"https:\/\/www.ln4solutions.com\/ln4\/wp-content\/uploads\/2023\/03\/Ellen-referens-683x1024.png 683w, https:\/\/www.ln4solutions.com\/ln4\/wp-content\/uploads\/2023\/03\/Ellen-referens-200x300.png 200w, https:\/\/www.ln4solutions.com\/ln4\/wp-content\/uploads\/2023\/03\/Ellen-referens-768x1152.png 768w, https:\/\/www.ln4solutions.com\/ln4\/wp-content\/uploads\/2023\/03\/Ellen-referens.png 888w\" sizes=\"auto, (max-width: 368px) 100vw, 368px\" \/><\/a><\/figure>\n<\/div>\n\n\n\n<div class=\"wp-block-column is-layout-flow wp-block-column-is-layout-flow\">\n<p>\u201cLN4 is a very pleasant organization to work with. We were looking for a new scheduling tool, our old one was getting outdated regarding changed privacy regulations. Because of the size of the company behind that former tool, we often had to wait long before our questions\/ issues were addressed.<\/p>\n\n\n\n<p>Ln4 is a company with very short lines. We usually get a quick reply that our questions are under investigation and the actual solution is also within days, depending on the complexity of course.<br>           The basis of LN4 is well thought out, very intuitive to use and therefor user friendly. LN4 developed some extra features for us, like a visual planboard with drag and drop possibilities and an alert system for labor law violoation (that would be easy to adjust when laws or regulations within our company change).<br>             I was guided throughout the building of our database. By explaining how we organise the work and by answering questions from LN4, they got a good sight on how we should structure the system for our specific company. Once ready it is very easy to show to new user.<\/p>\n\n\n\n<p>In short; LN4 is a highly service orientated company with lots of knowledge on the subject of project management and scheduling. I am happy they came on our way!\u201d<\/p>\n<\/div>\n<\/div>\n\n\n\n<div class=\"wp-block-columns is-layout-flex wp-container-core-columns-is-layout-9d6595d7 wp-block-columns-is-layout-flex\">\n<div class=\"wp-block-column is-layout-flow wp-block-column-is-layout-flow\">\n<figure class=\"wp-block-image size-full is-resized\"><a href=\"http:\/\/www.ln4solutions.com\/ln4\/wp-content\/uploads\/2023\/03\/Ronny.png\"><img loading=\"lazy\" decoding=\"async\" src=\"http:\/\/www.ln4solutions.com\/ln4\/wp-content\/uploads\/2023\/03\/Ronny.png\" alt=\"\" class=\"wp-image-1680\" width=\"361\" height=\"547\" srcset=\"https:\/\/www.ln4solutions.com\/ln4\/wp-content\/uploads\/2023\/03\/Ronny.png 301w, https:\/\/www.ln4solutions.com\/ln4\/wp-content\/uploads\/2023\/03\/Ronny-198x300.png 198w\" sizes=\"auto, (max-width: 361px) 100vw, 361px\" \/><\/a><\/figure>\n<\/div>\n\n\n\n<div class=\"wp-block-column is-layout-flow wp-block-column-is-layout-flow\">\n<p>Georg Silber, Ln4 solutions has been a supplier to me for many years and has supported me and my assignments with knowledge, experience and system solutions that include, portfolio, programs, and project management. The most recent assignment included resource, delivery planning and follow-up in the logistics area for a customer in the aviation industry.<br>              Georg is a very seasoned and experienced executive exhibiting both breadth and dept. With an inspiring commitment and leadership, he has always unreservedly been a speaking partner supported me in many my challenges over the years. It is very satisfying to be able to give him and his systems solutions my highest recommendations.<\/p>\n\n\n\n<p>Please don\u2019t hesitate to contact me for more information if needed.<\/p>\n\n\n\n<p><a href=\"mailto:ronny.ideskar@gmail.com\">ronny.ideskar<\/a>@admin<br>cell: +46 73&nbsp;511 19 62<\/p>\n<\/div>\n<\/div>\n\n\n\n<div class=\"wp-block-columns is-layout-flex wp-container-core-columns-is-layout-9d6595d7 wp-block-columns-is-layout-flex\">\n<div class=\"wp-block-column is-layout-flow wp-block-column-is-layout-flow\">\n<figure class=\"wp-block-embed is-type-video is-provider-screencast-com wp-block-embed-screencast-com wp-embed-aspect-9-16 wp-has-aspect-ratio\"><div class=\"wp-block-embed__wrapper\">\n<!-- copy and paste. Modify height and width if desired. --><iframe loading=\"lazy\" title=\"Malins videoinsp\" class=\"embeddedObject shadow resizable\" name=\"embedded_content\" scrolling=\"no\" frameborder=\"0\" type=\"text\/html\"         style=\"overflow:hidden;\" src=\"https:\/\/www.screencast.com\/users\/LeanFour\/folders\/Camtasia%20Studio\/media\/e594dd08-d206-4292-8d17-26601d4ba663\/embed\" height=\"1080\" width=\"608\" webkitallowfullscreen mozallowfullscreen allowfullscreen><\/iframe>\n<\/div><\/figure>\n<\/div>\n\n\n\n<div class=\"wp-block-column is-layout-flow wp-block-column-is-layout-flow\">\n<p>Som konsult hade jag ett utarbetat s\u00e4tt att ta mig an mina projekt, med stor hj\u00e4lp av Excel. N\u00e4r jag i ett n\u00e4tverk tr\u00e4ffade Georg Silber som ber\u00e4ttade om Ln4, best\u00e4mde jag mig f\u00f6r att testa. Med Ln4 verktyget och Georg som PT visade det sig att inte bara fick jag bra \u00f6versikt \u00f6ver mitt projekt utan ocks\u00e5 v\u00e4rdefull input. N\u00e5got jag uppt\u00e4ckte att jag saknat som egenf\u00f6retagare arbetandes i projekt mot st\u00f6rre f\u00f6retag. Nu har jag b\u00e5de ordning och reda i mina projekt och ett riktigt proffsigt bollplank att tillg\u00e5.<\/p>\n\n\n\n<p>Med LeanFour och min projektledarPT kan jag <\/p>\n\n\n\n<ul class=\"wp-block-list\">\n<li>Sluta anv\u00e4nda min excelsnurra och ist\u00e4llet arbeta helt digitalt med tidtagarfunktionen.<\/li>\n\n\n\n<li>Genom att l\u00e4gga in budget och total arbetstid f\u00f6r projektet se hur jag ska f\u00f6rdela timmar och kostnader f\u00f6r att arbeta l\u00f6nsamt inom kundens budgetram.<\/li>\n\n\n\n<li>P\u00e5 ett enkelt s\u00e4tt visa min kund hur projektet fortskrider och vad som h\u00e4nder med tidsplan och kostnader om nya uppgifter adderas efter hand.<\/li>\n\n\n\n<li>Anv\u00e4nda utdrag ur Ln4 som f\u00f6ljesedel\/bilaga till min faktura s\u00e5 att kunden ser exakt vad de betalar f\u00f6r.<\/li>\n\n\n\n<li>F\u00e5 bra feedback och inspel fr\u00e5n min PT f\u00f6r att ytterligare v\u00e4ssa mitt arbete mot ett \u00f6nskat resultat.<\/li>\n<\/ul>\n\n\n\n<figure class=\"wp-block-image size-large\"><a href=\"https:\/\/www.ln4solutions.com\/ln4\/wp-content\/uploads\/2023\/04\/Malin-carrick.jpg\"><img loading=\"lazy\" decoding=\"async\" width=\"1024\" height=\"408\" src=\"https:\/\/www.ln4solutions.com\/ln4\/wp-content\/uploads\/2023\/04\/Malin-carrick-1024x408.jpg\" alt=\"\" class=\"wp-image-1815\" srcset=\"https:\/\/www.ln4solutions.com\/ln4\/wp-content\/uploads\/2023\/04\/Malin-carrick-1024x408.jpg 1024w, https:\/\/www.ln4solutions.com\/ln4\/wp-content\/uploads\/2023\/04\/Malin-carrick-300x120.jpg 300w, https:\/\/www.ln4solutions.com\/ln4\/wp-content\/uploads\/2023\/04\/Malin-carrick-768x306.jpg 768w, https:\/\/www.ln4solutions.com\/ln4\/wp-content\/uploads\/2023\/04\/Malin-carrick-1536x612.jpg 1536w, https:\/\/www.ln4solutions.com\/ln4\/wp-content\/uploads\/2023\/04\/Malin-carrick-2048x817.jpg 2048w\" sizes=\"auto, (max-width: 1024px) 100vw, 1024px\" \/><\/a><figcaption class=\"wp-element-caption\">Kontakt:<mark style=\"background-color:rgba(0, 0, 0, 0)\" class=\"has-inline-color has-neve-text-color-color\"> <\/mark><mark style=\"background-color:rgba(0, 0, 0, 0)\" class=\"has-inline-color has-nv-dark-bg-color\">\u00a0<strong><a href=\"mailto:malin@malincarrick.se\">malin@malincarrick.se<\/a><\/strong><\/mark><mark style=\"background-color:rgba(0, 0, 0, 0)\" class=\"has-inline-color has-neve-text-color-color\"><strong> <\/strong> <\/mark>Hemsida: <a href=\"https:\/\/malincarrick.se\/\"><strong>https:\/\/malincarrick.se\/<\/strong><\/a><\/figcaption><\/figure>\n<\/div>\n<\/div>\n\n\n\n<div class=\"wp-block-columns is-layout-flex wp-container-core-columns-is-layout-9d6595d7 wp-block-columns-is-layout-flex\">\n<div class=\"wp-block-column is-layout-flow wp-block-column-is-layout-flow\">\n<figure class=\"wp-block-image size-full is-resized\"><a href=\"http:\/\/www.ln4solutions.com\/ln4\/wp-content\/uploads\/2023\/03\/Jan-V.png\"><img loading=\"lazy\" decoding=\"async\" src=\"http:\/\/www.ln4solutions.com\/ln4\/wp-content\/uploads\/2023\/03\/Jan-V.png\" alt=\"\" class=\"wp-image-1681\" width=\"356\" height=\"244\" srcset=\"https:\/\/www.ln4solutions.com\/ln4\/wp-content\/uploads\/2023\/03\/Jan-V.png 526w, https:\/\/www.ln4solutions.com\/ln4\/wp-content\/uploads\/2023\/03\/Jan-V-300x206.png 300w\" sizes=\"auto, (max-width: 356px) 100vw, 356px\" \/><\/a><\/figure>\n<\/div>\n\n\n\n<div class=\"wp-block-column is-layout-flow wp-block-column-is-layout-flow\">\n<p>Under min tid som projektledare inom st\u00e5lkoncernen Outokumpu drev jag ett omfattande SAP-projekt d\u00e4r m\u00e5let var att f\u00e5 samtliga s\u00e4ljbolag och de s\u00e4ljavdelningar som jobbade direkt fr\u00e5n st\u00e5lverken att jobba med ett system (SAP) och med gemensamma processer. Jag tog \u00f6ver ett havererat projekt som spr\u00e4ngt alla budgetramar och det fanns ingen klar prognos hur mycket som \u00e5terstod i tid eller resurser f\u00f6r att kunna n\u00e5 m\u00e5let. I det l\u00e4get tog jag hj\u00e4lp av Georg Silber och med hans hj\u00e4lp fick jag utomordentliga verktyg f\u00f6r att:<\/p>\n\n\n\n<ul class=\"wp-block-list\">\n<li>Strukturera aktiviteter f\u00f6r att n\u00e5 m\u00e5l och delm\u00e5l.<\/li>\n\n\n\n<li>Balansera aktiviteter mot resurser f\u00f6r att f\u00e5 fram realistiska planer<\/li>\n\n\n\n<li>F\u00f6lja upp projektets progress och p\u00e5 ett enkelt och klarg\u00f6rande s\u00e4tt se var problemen l\u00e5g och en bra uppfattning om orsakerna<\/li>\n<\/ul>\n\n\n\n<p>F\u00f6r mer detaljer och ytterligare information st\u00e5r jag till ert f\u00f6rfogande.<br>Jan V\u00e4rmon<br><a href=\"mailto:jan@varmon.se\">jan@varmon.se<\/a> &nbsp;<\/p>\n<\/div>\n<\/div>\n","protected":false},"excerpt":{"rendered":"<p>\/ Innan vi skaffade Ln4 s\u00f6kte vi efter ett \u201dprojekthanteringsverktyg\u201d f\u00f6r att h\u00e5lla ordning p\u00e5 v\u00e5ra f\u00f6rvaltningsobjekt, projekt och uppdrag, resurser och tidrapportering. I Ln4 hittade vi det vi efters\u00f6kte samt mycket mer. Ln4 l\u00f6ser v\u00e5rt behov f\u00f6r flera olika delar. Vi anv\u00e4nder systemet framf\u00f6r allt f\u00f6r&nbsp; *&nbsp;&nbsp; Portf\u00f6ljhantering&nbsp; *&nbsp;&nbsp; Planering och uppf\u00f6ljning av f\u00f6rvaltningsplaner,&hellip;&nbsp;<a href=\"https:\/\/www.ln4solutions.com\/ln4\/referenser\/\" class=\"\" rel=\"bookmark\">L\u00e4s mer &raquo;<span class=\"screen-reader-text\">Referenser<\/span><\/a><\/p>\n","protected":false},"author":2,"featured_media":0,"parent":0,"menu_order":0,"comment_status":"closed","ping_status":"closed","template":"","meta":{"neve_meta_sidebar":"","neve_meta_container":"","neve_meta_enable_content_width":"","neve_meta_content_width":0,"neve_meta_title_alignment":"","neve_meta_author_avatar":"","neve_post_elements_order":"","neve_meta_disable_header":"","neve_meta_disable_footer":"","neve_meta_disable_title":"","_themeisle_gutenberg_block_has_review":false,"_ti_tpc_template_sync":false,"_ti_tpc_template_id":"","footnotes":""},"class_list":["post-1676","page","type-page","status-publish","hentry"],"_links":{"self":[{"href":"https:\/\/www.ln4solutions.com\/ln4\/wp-json\/wp\/v2\/pages\/1676","targetHints":{"allow":["GET"]}}],"collection":[{"href":"https:\/\/www.ln4solutions.com\/ln4\/wp-json\/wp\/v2\/pages"}],"about":[{"href":"https:\/\/www.ln4solutions.com\/ln4\/wp-json\/wp\/v2\/types\/page"}],"author":[{"embeddable":true,"href":"https:\/\/www.ln4solutions.com\/ln4\/wp-json\/wp\/v2\/users\/2"}],"replies":[{"embeddable":true,"href":"https:\/\/www.ln4solutions.com\/ln4\/wp-json\/wp\/v2\/comments?post=1676"}],"version-history":[{"count":8,"href":"https:\/\/www.ln4solutions.com\/ln4\/wp-json\/wp\/v2\/pages\/1676\/revisions"}],"predecessor-version":[{"id":1857,"href":"https:\/\/www.ln4solutions.com\/ln4\/wp-json\/wp\/v2\/pages\/1676\/revisions\/1857"}],"wp:attachment":[{"href":"https:\/\/www.ln4solutions.com\/ln4\/wp-json\/wp\/v2\/media?parent=1676"}],"curies":[{"name":"wp","href":"https:\/\/api.w.org\/{rel}","templated":true}]}}