{"id":22,"date":"2015-11-11T09:21:39","date_gmt":"2015-11-11T08:21:39","guid":{"rendered":"http:\/\/www.ln4solutions.com\/ln4\/?page_id=22"},"modified":"2023-04-14T08:59:14","modified_gmt":"2023-04-14T06:59:14","slug":"resurseffektivitet","status":"publish","type":"page","link":"https:\/\/www.ln4solutions.com\/ln4\/tjanster\/resurseffektivitet\/","title":{"rendered":"M\u00e4t er Resurseffektivitet"},"content":{"rendered":"\n<p><\/p>\n\n\n\n<p>Vi bjuder p\u00e5 en kostnadsfri m\u00e4tning av er resurseffektivitet. Ytterst handlar det om att planera bel\u00e4ggning av arbetstid med betalda timmar vilka kommer fr\u00e5n projekt och verksamhet som har budgeterade timmar. En budget visar hur ett projekt \u00e4r v\u00e4rderat av en &#8217;kund&#8217;.<\/p>\n\n\n\n<div class=\"wp-block-columns is-layout-flex wp-container-core-columns-is-layout-9d6595d7 wp-block-columns-is-layout-flex\">\n<div class=\"wp-block-column is-layout-flow wp-block-column-is-layout-flow\">\n<p>Det \u00e4r ofta illa st\u00e4llt med att utnyttja befintliga arbetstid hos egna resurser till ett v\u00e4rdeskapande arbete. Ofta \u00f6verarbetas ett projekt med arbetstid utan extra betalning vilket f\u00f6rhindrar att arbetstid kan anv\u00e4ndas till ett projekt d\u00e4r man f\u00e5r betalt.<\/p>\n\n\n\n<p>Unders\u00f6kningar redovisar ett sl\u00f6seri p\u00e5 2-3 timmar per dag och person det blir 400-500 timmar per resurs och \u00e5r i ineffektivitet och bristande anv\u00e4ndning till nyttov\u00e4rden. En analys av gapet mellan effektiva fullt debiterbara timmar och budgeterad produktivitet kan genomf\u00f6ras med enkla medel. <\/p>\n<\/div>\n\n\n\n<div class=\"wp-block-column is-layout-flow wp-block-column-is-layout-flow\">\n<figure class=\"wp-block-image size-large\"><a href=\"https:\/\/www.ln4solutions.com\/ln4\/wp-content\/uploads\/2023\/04\/Resurseffektivitetsanalys.jpg\"><img loading=\"lazy\" decoding=\"async\" width=\"1024\" height=\"571\" src=\"https:\/\/www.ln4solutions.com\/ln4\/wp-content\/uploads\/2023\/04\/Resurseffektivitetsanalys-1024x571.jpg\" alt=\"\" class=\"wp-image-1706\" srcset=\"https:\/\/www.ln4solutions.com\/ln4\/wp-content\/uploads\/2023\/04\/Resurseffektivitetsanalys-1024x571.jpg 1024w, https:\/\/www.ln4solutions.com\/ln4\/wp-content\/uploads\/2023\/04\/Resurseffektivitetsanalys-300x167.jpg 300w, https:\/\/www.ln4solutions.com\/ln4\/wp-content\/uploads\/2023\/04\/Resurseffektivitetsanalys-768x428.jpg 768w, https:\/\/www.ln4solutions.com\/ln4\/wp-content\/uploads\/2023\/04\/Resurseffektivitetsanalys-1536x856.jpg 1536w, https:\/\/www.ln4solutions.com\/ln4\/wp-content\/uploads\/2023\/04\/Resurseffektivitetsanalys.jpg 1713w\" sizes=\"auto, (max-width: 1024px) 100vw, 1024px\" \/><\/a><\/figure>\n<\/div>\n<\/div>\n\n\n\n<p><\/p>\n","protected":false},"excerpt":{"rendered":"<p>Vi bjuder p\u00e5 en kostnadsfri m\u00e4tning av er resurseffektivitet. Ytterst handlar det om att planera bel\u00e4ggning av arbetstid med betalda timmar vilka kommer fr\u00e5n projekt och verksamhet som har budgeterade timmar. En budget visar hur ett projekt \u00e4r v\u00e4rderat av en &#8217;kund&#8217;. Det \u00e4r ofta illa st\u00e4llt med att utnyttja befintliga arbetstid hos egna resurser&hellip;&nbsp;<a href=\"https:\/\/www.ln4solutions.com\/ln4\/tjanster\/resurseffektivitet\/\" class=\"\" rel=\"bookmark\">L\u00e4s mer &raquo;<span class=\"screen-reader-text\">M\u00e4t er Resurseffektivitet<\/span><\/a><\/p>\n","protected":false},"author":1,"featured_media":0,"parent":8,"menu_order":3,"comment_status":"closed","ping_status":"closed","template":"","meta":{"neve_meta_sidebar":"","neve_meta_container":"","neve_meta_enable_content_width":"","neve_meta_content_width":0,"neve_meta_title_alignment":"","neve_meta_author_avatar":"","neve_post_elements_order":"","neve_meta_disable_header":"","neve_meta_disable_footer":"","neve_meta_disable_title":"","_themeisle_gutenberg_block_has_review":false,"_ti_tpc_template_sync":false,"_ti_tpc_template_id":"","footnotes":""},"class_list":["post-22","page","type-page","status-publish","hentry"],"_links":{"self":[{"href":"https:\/\/www.ln4solutions.com\/ln4\/wp-json\/wp\/v2\/pages\/22","targetHints":{"allow":["GET"]}}],"collection":[{"href":"https:\/\/www.ln4solutions.com\/ln4\/wp-json\/wp\/v2\/pages"}],"about":[{"href":"https:\/\/www.ln4solutions.com\/ln4\/wp-json\/wp\/v2\/types\/page"}],"author":[{"embeddable":true,"href":"https:\/\/www.ln4solutions.com\/ln4\/wp-json\/wp\/v2\/users\/1"}],"replies":[{"embeddable":true,"href":"https:\/\/www.ln4solutions.com\/ln4\/wp-json\/wp\/v2\/comments?post=22"}],"version-history":[{"count":9,"href":"https:\/\/www.ln4solutions.com\/ln4\/wp-json\/wp\/v2\/pages\/22\/revisions"}],"predecessor-version":[{"id":1807,"href":"https:\/\/www.ln4solutions.com\/ln4\/wp-json\/wp\/v2\/pages\/22\/revisions\/1807"}],"up":[{"embeddable":true,"href":"https:\/\/www.ln4solutions.com\/ln4\/wp-json\/wp\/v2\/pages\/8"}],"wp:attachment":[{"href":"https:\/\/www.ln4solutions.com\/ln4\/wp-json\/wp\/v2\/media?parent=22"}],"curies":[{"name":"wp","href":"https:\/\/api.w.org\/{rel}","templated":true}]}}