{"id":35,"date":"2015-11-11T09:35:24","date_gmt":"2015-11-11T08:35:24","guid":{"rendered":"http:\/\/www.ln4solutions.com\/ln4\/?page_id=35"},"modified":"2023-04-09T14:45:50","modified_gmt":"2023-04-09T12:45:50","slug":"forandringsledning","status":"publish","type":"page","link":"https:\/\/www.ln4solutions.com\/ln4\/tjanster\/forandringsledning\/","title":{"rendered":"Tj\u00e4nsten PT till projektledare"},"content":{"rendered":"\n<div class=\"wp-block-columns is-layout-flex wp-container-core-columns-is-layout-9d6595d7 wp-block-columns-is-layout-flex\">\n<div class=\"wp-block-column is-layout-flow wp-block-column-is-layout-flow\">\n<figure class=\"wp-block-image size-large\"><a href=\"https:\/\/www.ln4solutions.com\/ln4\/wp-content\/uploads\/2023\/04\/PT-kurs-for-PL.png\"><img loading=\"lazy\" decoding=\"async\" width=\"1024\" height=\"603\" src=\"https:\/\/www.ln4solutions.com\/ln4\/wp-content\/uploads\/2023\/04\/PT-kurs-for-PL-1024x603.png\" alt=\"\" class=\"wp-image-1715\" srcset=\"https:\/\/www.ln4solutions.com\/ln4\/wp-content\/uploads\/2023\/04\/PT-kurs-for-PL-1024x603.png 1024w, https:\/\/www.ln4solutions.com\/ln4\/wp-content\/uploads\/2023\/04\/PT-kurs-for-PL-300x177.png 300w, https:\/\/www.ln4solutions.com\/ln4\/wp-content\/uploads\/2023\/04\/PT-kurs-for-PL-768x452.png 768w, https:\/\/www.ln4solutions.com\/ln4\/wp-content\/uploads\/2023\/04\/PT-kurs-for-PL.png 1099w\" sizes=\"auto, (max-width: 1024px) 100vw, 1024px\" \/><\/a><\/figure>\n<\/div>\n\n\n\n<div class=\"wp-block-column is-layout-flow wp-block-column-is-layout-flow\">\n<p>Ett nytt s\u00e4tt att komma ig\u00e5ng med effektiv projektstyrning \u2013 ett projekt i taget eller alla vid inf\u00f6rande av ett komplett projektkontor. Notera g\u00e4rna att det inte beh\u00f6vs n\u00e5gra traditionella kurser utan \u2019undervisningen\u2019 sker genom \u2019Learning by doing\u2019 med st\u00f6d av dokumentation och korta instruktionsvideor samt direkt st\u00f6d fr\u00e5n en projekt-PT.<\/p>\n\n\n\n<p>En \u2019Personal Trainer\u2019 (PT) tillhandah\u00e5ller r\u00e4tt utrustning och fyller flera roller, bl.a. som:<\/p>\n\n\n\n<ul class=\"wp-block-list\">\n<li><strong>Mentor<\/strong> och <strong>instrukt\u00f6r<\/strong> som l\u00e4r ut och f\u00f6rklarar.<\/li>\n\n\n\n<li><strong>Coach<\/strong> som ger \u00e5terkoppling och utmanar.<\/li>\n\n\n\n<li><strong>F\u00f6r\u00e4ndringsledare <\/strong>som hj\u00e4lper omgivande organisation och chefer att f\u00f6rst\u00e5 sin roll som partner och st\u00f6d till projektledare.<\/li>\n<\/ul>\n<\/div>\n<\/div>\n\n\n\n\n\n<div class=\"wp-block-columns is-layout-flex wp-container-core-columns-is-layout-9d6595d7 wp-block-columns-is-layout-flex\">\n<div class=\"wp-block-column is-layout-flow wp-block-column-is-layout-flow\">\n<ul class=\"wp-block-list\">\n<li><strong>F\u00f6ljande moment ing\u00e5r i utbildningen som till\u00e4mpas p\u00e5 ett verkligt och beslutat projekt<\/strong> <\/li>\n\n\n\n<li>Inventering\/komplettering av projektdirektivet.<\/li>\n\n\n\n<li>Uppr\u00e4tta en basplan och resursplanera enligt basplanen.<\/li>\n\n\n\n<li>Definera effektm\u00e5len, intressenter och leveransartefakter. <\/li>\n\n\n\n<li>Projektekonomi uppdelad p\u00e5 tid- och omkostnader samt prognos.<\/li>\n\n\n\n<li>Status- och progressrapportering med trafikljus och KPI:er.<\/li>\n\n\n\n<li>Aktivitetsplanering med Gantt- och Kanbanteknik.<\/li>\n\n\n\n<li>Riskinventering enligt miniriskmetoden och ROAM-modeller.<\/li>\n<\/ul>\n<\/div>\n\n\n\n<div class=\"wp-block-column is-layout-flow wp-block-column-is-layout-flow\">\n<figure class=\"wp-block-image size-large is-resized\"><a href=\"https:\/\/www.ln4solutions.com\/ln4\/wp-content\/uploads\/2023\/04\/Djavulen-i-detaljer.png\"><img loading=\"lazy\" decoding=\"async\" src=\"https:\/\/www.ln4solutions.com\/ln4\/wp-content\/uploads\/2023\/04\/Djavulen-i-detaljer-1024x525.png\" alt=\"\" class=\"wp-image-1716\" width=\"632\" height=\"324\" srcset=\"https:\/\/www.ln4solutions.com\/ln4\/wp-content\/uploads\/2023\/04\/Djavulen-i-detaljer-1024x525.png 1024w, https:\/\/www.ln4solutions.com\/ln4\/wp-content\/uploads\/2023\/04\/Djavulen-i-detaljer-300x154.png 300w, https:\/\/www.ln4solutions.com\/ln4\/wp-content\/uploads\/2023\/04\/Djavulen-i-detaljer-768x393.png 768w, https:\/\/www.ln4solutions.com\/ln4\/wp-content\/uploads\/2023\/04\/Djavulen-i-detaljer-1536x787.png 1536w, https:\/\/www.ln4solutions.com\/ln4\/wp-content\/uploads\/2023\/04\/Djavulen-i-detaljer.png 1741w\" sizes=\"auto, (max-width: 632px) 100vw, 632px\" \/><\/a><\/figure>\n<\/div>\n<\/div>\n","protected":false},"excerpt":{"rendered":"<p>Ett nytt s\u00e4tt att komma ig\u00e5ng med effektiv projektstyrning \u2013 ett projekt i taget eller alla vid inf\u00f6rande av ett komplett projektkontor. Notera g\u00e4rna att det inte beh\u00f6vs n\u00e5gra traditionella kurser utan \u2019undervisningen\u2019 sker genom \u2019Learning by doing\u2019 med st\u00f6d av dokumentation och korta instruktionsvideor samt direkt st\u00f6d fr\u00e5n en projekt-PT. En \u2019Personal Trainer\u2019 (PT)&hellip;&nbsp;<a href=\"https:\/\/www.ln4solutions.com\/ln4\/tjanster\/forandringsledning\/\" class=\"\" rel=\"bookmark\">L\u00e4s mer &raquo;<span class=\"screen-reader-text\">Tj\u00e4nsten PT till projektledare<\/span><\/a><\/p>\n","protected":false},"author":1,"featured_media":0,"parent":8,"menu_order":8,"comment_status":"closed","ping_status":"closed","template":"","meta":{"neve_meta_sidebar":"","neve_meta_container":"","neve_meta_enable_content_width":"","neve_meta_content_width":0,"neve_meta_title_alignment":"","neve_meta_author_avatar":"","neve_post_elements_order":"","neve_meta_disable_header":"","neve_meta_disable_footer":"","neve_meta_disable_title":"","_themeisle_gutenberg_block_has_review":false,"_ti_tpc_template_sync":false,"_ti_tpc_template_id":"","footnotes":""},"class_list":["post-35","page","type-page","status-publish","hentry"],"_links":{"self":[{"href":"https:\/\/www.ln4solutions.com\/ln4\/wp-json\/wp\/v2\/pages\/35","targetHints":{"allow":["GET"]}}],"collection":[{"href":"https:\/\/www.ln4solutions.com\/ln4\/wp-json\/wp\/v2\/pages"}],"about":[{"href":"https:\/\/www.ln4solutions.com\/ln4\/wp-json\/wp\/v2\/types\/page"}],"author":[{"embeddable":true,"href":"https:\/\/www.ln4solutions.com\/ln4\/wp-json\/wp\/v2\/users\/1"}],"replies":[{"embeddable":true,"href":"https:\/\/www.ln4solutions.com\/ln4\/wp-json\/wp\/v2\/comments?post=35"}],"version-history":[{"count":3,"href":"https:\/\/www.ln4solutions.com\/ln4\/wp-json\/wp\/v2\/pages\/35\/revisions"}],"predecessor-version":[{"id":1717,"href":"https:\/\/www.ln4solutions.com\/ln4\/wp-json\/wp\/v2\/pages\/35\/revisions\/1717"}],"up":[{"embeddable":true,"href":"https:\/\/www.ln4solutions.com\/ln4\/wp-json\/wp\/v2\/pages\/8"}],"wp:attachment":[{"href":"https:\/\/www.ln4solutions.com\/ln4\/wp-json\/wp\/v2\/media?parent=35"}],"curies":[{"name":"wp","href":"https:\/\/api.w.org\/{rel}","templated":true}]}}