{"id":38,"date":"2015-11-11T09:37:48","date_gmt":"2015-11-11T08:37:48","guid":{"rendered":"http:\/\/www.ln4solutions.com\/ln4\/?page_id=38"},"modified":"2023-04-12T18:21:50","modified_gmt":"2023-04-12T16:21:50","slug":"projektuppfoljning","status":"publish","type":"page","link":"https:\/\/www.ln4solutions.com\/ln4\/tjanster\/projektuppfoljning\/","title":{"rendered":"Projektuppf\u00f6ljning"},"content":{"rendered":"\n<p><\/p>\n\n\n<p>I LeanFour\u2122 redovisas varje uppdrag med full transparens med ett intuitivt dartdiagram. Med en enda bild redovisas planering, kostnad och leveranser med relation till en baselineplanering s\u00e5 att avvikelser kan uppt\u00e4ckas tidigt.\u00a0<\/p>\n<p><a href=\"http:\/\/www.ln4solutions.com\/wp-content\/uploads\/2015\/11\/dartdiagram.jpg\"><img loading=\"lazy\" decoding=\"async\" class=\"alignnone size-full wp-image-39\" src=\"http:\/\/www.ln4solutions.com\/wp-content\/uploads\/2015\/11\/dartdiagram.jpg\" alt=\"dartdiagram\" width=\"823\" height=\"486\" srcset=\"https:\/\/www.ln4solutions.com\/ln4\/wp-content\/uploads\/2015\/11\/dartdiagram.jpg 823w, https:\/\/www.ln4solutions.com\/ln4\/wp-content\/uploads\/2015\/11\/dartdiagram-300x177.jpg 300w\" sizes=\"auto, (max-width: 823px) 100vw, 823px\" \/><\/a><\/p>\n\n\n<div class=\"wp-block-columns is-layout-flex wp-container-core-columns-is-layout-9d6595d7 wp-block-columns-is-layout-flex\">\n<div class=\"wp-block-column is-layout-flow wp-block-column-is-layout-flow\">\n<figure class=\"wp-block-image size-large\"><a href=\"https:\/\/www.ln4solutions.com\/ln4\/wp-content\/uploads\/2023\/04\/pulstavla-med-forkl-1.png\"><img loading=\"lazy\" decoding=\"async\" width=\"1024\" height=\"582\" src=\"https:\/\/www.ln4solutions.com\/ln4\/wp-content\/uploads\/2023\/04\/pulstavla-med-forkl-1-1024x582.png\" alt=\"\" class=\"wp-image-1775\" srcset=\"https:\/\/www.ln4solutions.com\/ln4\/wp-content\/uploads\/2023\/04\/pulstavla-med-forkl-1-1024x582.png 1024w, https:\/\/www.ln4solutions.com\/ln4\/wp-content\/uploads\/2023\/04\/pulstavla-med-forkl-1-300x171.png 300w, https:\/\/www.ln4solutions.com\/ln4\/wp-content\/uploads\/2023\/04\/pulstavla-med-forkl-1-768x437.png 768w, https:\/\/www.ln4solutions.com\/ln4\/wp-content\/uploads\/2023\/04\/pulstavla-med-forkl-1-1536x874.png 1536w, https:\/\/www.ln4solutions.com\/ln4\/wp-content\/uploads\/2023\/04\/pulstavla-med-forkl-1.png 1637w\" sizes=\"auto, (max-width: 1024px) 100vw, 1024px\" \/><\/a><\/figure>\n<\/div>\n\n\n\n<div class=\"wp-block-column is-layout-flow wp-block-column-is-layout-flow\">\n<p>Uppf\u00f6ljning av projekt p\u00e5 portf\u00f6lj- och ledningsniv\u00e5 kan g\u00f6ras b\u00e5de enkelt och exakt utan att belasta en projektledare n\u00e4mnv\u00e4rt i on\u00f6dan. Den faktabaserade redovisningen \u00e4r helt automatisk tack vare k\u00e4llrapportering f\u00f6r aktuellt utfall och fortsatt planering av de medarbetare som arbetar i projekten. Det projektledaren beh\u00f6ver g\u00f6ra \u00e4r enbart att ge enkla svar p\u00e5 de parametrar som portf\u00f6lj- och ledning vill ha svar p\u00e5 och som kan variera beroende p\u00e5 portf\u00f6ljens i syfte och inneh\u00e5ll. Gr\u00f6nt visar att projektledaren har full kontroll. Gult visar p\u00e5 brister som kommer vara \u00e5tg\u00e4rdade till n\u00e4sta genomg\u00e5ng och R\u00f6tt betyder att projektledaren beh\u00f6ver hj\u00e4lp av sin chef eller styrgrupp<\/p>\n\n\n\n<p> <\/p>\n<\/div>\n<\/div>\n","protected":false},"excerpt":{"rendered":"<p>I LeanFour\u2122 redovisas varje uppdrag med full transparens med ett intuitivt dartdiagram. Med en enda bild redovisas planering, kostnad och leveranser med relation till en baselineplanering s\u00e5 att avvikelser kan uppt\u00e4ckas tidigt.\u00a0 Uppf\u00f6ljning av projekt p\u00e5 portf\u00f6lj- och ledningsniv\u00e5 kan g\u00f6ras b\u00e5de enkelt och exakt utan att belasta en projektledare n\u00e4mnv\u00e4rt i on\u00f6dan. Den faktabaserade&hellip;&nbsp;<a href=\"https:\/\/www.ln4solutions.com\/ln4\/tjanster\/projektuppfoljning\/\" class=\"\" rel=\"bookmark\">L\u00e4s mer &raquo;<span class=\"screen-reader-text\">Projektuppf\u00f6ljning<\/span><\/a><\/p>\n","protected":false},"author":1,"featured_media":0,"parent":8,"menu_order":9,"comment_status":"closed","ping_status":"closed","template":"","meta":{"neve_meta_sidebar":"","neve_meta_container":"","neve_meta_enable_content_width":"","neve_meta_content_width":0,"neve_meta_title_alignment":"","neve_meta_author_avatar":"","neve_post_elements_order":"","neve_meta_disable_header":"","neve_meta_disable_footer":"","neve_meta_disable_title":"","_themeisle_gutenberg_block_has_review":false,"_ti_tpc_template_sync":false,"_ti_tpc_template_id":"","footnotes":""},"class_list":["post-38","page","type-page","status-publish","hentry"],"_links":{"self":[{"href":"https:\/\/www.ln4solutions.com\/ln4\/wp-json\/wp\/v2\/pages\/38","targetHints":{"allow":["GET"]}}],"collection":[{"href":"https:\/\/www.ln4solutions.com\/ln4\/wp-json\/wp\/v2\/pages"}],"about":[{"href":"https:\/\/www.ln4solutions.com\/ln4\/wp-json\/wp\/v2\/types\/page"}],"author":[{"embeddable":true,"href":"https:\/\/www.ln4solutions.com\/ln4\/wp-json\/wp\/v2\/users\/1"}],"replies":[{"embeddable":true,"href":"https:\/\/www.ln4solutions.com\/ln4\/wp-json\/wp\/v2\/comments?post=38"}],"version-history":[{"count":7,"href":"https:\/\/www.ln4solutions.com\/ln4\/wp-json\/wp\/v2\/pages\/38\/revisions"}],"predecessor-version":[{"id":1779,"href":"https:\/\/www.ln4solutions.com\/ln4\/wp-json\/wp\/v2\/pages\/38\/revisions\/1779"}],"up":[{"embeddable":true,"href":"https:\/\/www.ln4solutions.com\/ln4\/wp-json\/wp\/v2\/pages\/8"}],"wp:attachment":[{"href":"https:\/\/www.ln4solutions.com\/ln4\/wp-json\/wp\/v2\/media?parent=38"}],"curies":[{"name":"wp","href":"https:\/\/api.w.org\/{rel}","templated":true}]}}