{"id":41,"date":"2015-11-11T09:38:44","date_gmt":"2015-11-11T08:38:44","guid":{"rendered":"http:\/\/www.ln4solutions.com\/ln4\/?page_id=41"},"modified":"2023-04-14T08:53:56","modified_gmt":"2023-04-14T06:53:56","slug":"outsourcing","status":"publish","type":"page","link":"https:\/\/www.ln4solutions.com\/ln4\/tjanster\/outsourcing\/","title":{"rendered":"Projektkontor som en tj\u00e4nst"},"content":{"rendered":"\n<p><\/p>\n\n\n\n<p>Ln4 Solutions med partners kan utg\u00f6ra ert projektkontor som en abonnerad tj\u00e4nst till fast pris. Detta inneb\u00e4r ingen \u00f6vergripande administration f\u00f6r er eller \u00f6verhuvud ingen egen tid annat \u00e4n f\u00f6r de uppgifter som en chef har. <\/p>\n\n\n\n<p>Eftersom ett projekt\u00adkontor inte vara styrande och heller inte ska ha n\u00e5got chefsansvar. Uppgiften \u00e4r att s\u00e4kerst\u00e4lla att alla besluts\u00adunderlag \u00e4r kompletta och korrekta. Detta inbegriper all projektplanering och uppf\u00f6ljning tillsammans med planerad resursanv\u00e4ndning i balans med tillg\u00e5ng p\u00e5 resurser och linjearbetet. Vidare ska ett projektkontor se till att ledningsfunktionen har tillg\u00e5ng till analyserade och korrekta data inf\u00f6r sina beslut. I tj\u00e4nsten ing\u00e5r att tr\u00e4na alla chefer och beslutsfattare att uppfylla sina roll som styrande. Med den transparens som molntj\u00e4nsten LeanFour TP3 ger beh\u00f6vs inget micro management utan kan med full tillit till\u00e4mpa egenledning. <\/p>\n\n\n\n<div class=\"wp-block-columns is-layout-flex wp-container-core-columns-is-layout-9d6595d7 wp-block-columns-is-layout-flex\">\n<div class=\"wp-block-column is-layout-flow wp-block-column-is-layout-flow\">\n<figure class=\"wp-block-image size-large is-resized\"><a href=\"https:\/\/www.ln4solutions.com\/ln4\/wp-content\/uploads\/2023\/04\/Matrisorganisatonens-DNA-1-1.jpg\"><img loading=\"lazy\" decoding=\"async\" src=\"https:\/\/www.ln4solutions.com\/ln4\/wp-content\/uploads\/2023\/04\/Matrisorganisatonens-DNA-1-1-1024x602.jpg\" alt=\"\" class=\"wp-image-1723\" width=\"569\" height=\"334\" srcset=\"https:\/\/www.ln4solutions.com\/ln4\/wp-content\/uploads\/2023\/04\/Matrisorganisatonens-DNA-1-1-1024x602.jpg 1024w, https:\/\/www.ln4solutions.com\/ln4\/wp-content\/uploads\/2023\/04\/Matrisorganisatonens-DNA-1-1-300x176.jpg 300w, https:\/\/www.ln4solutions.com\/ln4\/wp-content\/uploads\/2023\/04\/Matrisorganisatonens-DNA-1-1-768x452.jpg 768w, https:\/\/www.ln4solutions.com\/ln4\/wp-content\/uploads\/2023\/04\/Matrisorganisatonens-DNA-1-1-1536x903.jpg 1536w, https:\/\/www.ln4solutions.com\/ln4\/wp-content\/uploads\/2023\/04\/Matrisorganisatonens-DNA-1-1.jpg 1580w\" sizes=\"auto, (max-width: 569px) 100vw, 569px\" \/><\/a><\/figure>\n<\/div>\n\n\n\n<div class=\"wp-block-column is-layout-flow wp-block-column-is-layout-flow\">\n<p>Uppgiften att f\u00e5 en balanserad och optimal verksamhet utg\u00e5r fr\u00e5n att ha transparens \u00f6ver utbud av resurstimmar och kontroll \u00f6ver beslutad efterfr\u00e5gan. Utbudet av arbetstid och kompetens erh\u00e5lls genom att summera \u00f6ver alla personer och deras individuella arbetstidsavtal och de kompetenser som beh\u00f6vs i verksamheten. Efterfr\u00e5gan utg\u00e5r fr\u00e5n aff\u00e4rsomr\u00e5den och budget f\u00f6r deras respektive portf\u00f6ljer och linjeverksamheter.&nbsp;<\/p>\n\n\n\n<p><\/p>\n<\/div>\n<\/div>\n\n\n\n<div class=\"wp-block-columns is-layout-flex wp-container-core-columns-is-layout-9d6595d7 wp-block-columns-is-layout-flex\">\n<div class=\"wp-block-column is-layout-flow wp-block-column-is-layout-flow\">\n<p>LeanFour\u2122 TP3 har en dataarkitektur som speglar hur en organisation i realitet alltid m\u00e5ste vara organiserad. Tv\u00e5 saker utg\u00f6r h\u00f6rnstenar. Det \u00e4r Pengar och Timmar. De \u00e4r b\u00e5da l\u00e4tta att hitta och beskriva i ett aff\u00e4rsomr\u00e5de. Aff\u00e4rsomr\u00e5det styr genom strategiska portf\u00f6ljer vilka ges en budget. Detta exemplifieras p\u00e5 ett bra s\u00e4tt hos SAFe med dess Lean Portfolio Budget med dess periodiska styrning och f\u00f6rdelning mellan initiativ\/projekt\/v\u00e4rdestr\u00f6mar .nv\u00e4ndsv portf\u00f6ljer med initiativ och ger \u00e4ven kontroll \u00f6ver medarbetare, deras arbetstid och bel\u00e4ggning. Det \u00e4r dock tv\u00e5 olika roller och ansvar. Enklast skiljs dessa \u00e5t genom att till\u00e4mpa interndebitering.<\/p>\n<\/div>\n\n\n\n<div class=\"wp-block-column is-layout-flow wp-block-column-is-layout-flow\">\n<figure class=\"wp-block-image size-full\"><a href=\"https:\/\/www.ln4solutions.com\/ln4\/wp-content\/uploads\/2023\/04\/Datastruktur-resurser-o-team.jpg\"><img loading=\"lazy\" decoding=\"async\" width=\"1006\" height=\"628\" src=\"https:\/\/www.ln4solutions.com\/ln4\/wp-content\/uploads\/2023\/04\/Datastruktur-resurser-o-team.jpg\" alt=\"\" class=\"wp-image-1721\" srcset=\"https:\/\/www.ln4solutions.com\/ln4\/wp-content\/uploads\/2023\/04\/Datastruktur-resurser-o-team.jpg 1006w, https:\/\/www.ln4solutions.com\/ln4\/wp-content\/uploads\/2023\/04\/Datastruktur-resurser-o-team-300x187.jpg 300w, https:\/\/www.ln4solutions.com\/ln4\/wp-content\/uploads\/2023\/04\/Datastruktur-resurser-o-team-768x479.jpg 768w\" sizes=\"auto, (max-width: 1006px) 100vw, 1006px\" \/><\/a><\/figure>\n<\/div>\n<\/div>\n","protected":false},"excerpt":{"rendered":"<p>Ln4 Solutions med partners kan utg\u00f6ra ert projektkontor som en abonnerad tj\u00e4nst till fast pris. Detta inneb\u00e4r ingen \u00f6vergripande administration f\u00f6r er eller \u00f6verhuvud ingen egen tid annat \u00e4n f\u00f6r de uppgifter som en chef har. Eftersom ett projekt\u00adkontor inte vara styrande och heller inte ska ha n\u00e5got chefsansvar. Uppgiften \u00e4r att s\u00e4kerst\u00e4lla att alla&hellip;&nbsp;<a href=\"https:\/\/www.ln4solutions.com\/ln4\/tjanster\/outsourcing\/\" class=\"\" rel=\"bookmark\">L\u00e4s mer &raquo;<span class=\"screen-reader-text\">Projektkontor som en tj\u00e4nst<\/span><\/a><\/p>\n","protected":false},"author":1,"featured_media":0,"parent":8,"menu_order":10,"comment_status":"closed","ping_status":"closed","template":"","meta":{"neve_meta_sidebar":"","neve_meta_container":"","neve_meta_enable_content_width":"","neve_meta_content_width":0,"neve_meta_title_alignment":"","neve_meta_author_avatar":"","neve_post_elements_order":"","neve_meta_disable_header":"","neve_meta_disable_footer":"","neve_meta_disable_title":"","_themeisle_gutenberg_block_has_review":false,"_ti_tpc_template_sync":false,"_ti_tpc_template_id":"","footnotes":""},"class_list":["post-41","page","type-page","status-publish","hentry"],"_links":{"self":[{"href":"https:\/\/www.ln4solutions.com\/ln4\/wp-json\/wp\/v2\/pages\/41","targetHints":{"allow":["GET"]}}],"collection":[{"href":"https:\/\/www.ln4solutions.com\/ln4\/wp-json\/wp\/v2\/pages"}],"about":[{"href":"https:\/\/www.ln4solutions.com\/ln4\/wp-json\/wp\/v2\/types\/page"}],"author":[{"embeddable":true,"href":"https:\/\/www.ln4solutions.com\/ln4\/wp-json\/wp\/v2\/users\/1"}],"replies":[{"embeddable":true,"href":"https:\/\/www.ln4solutions.com\/ln4\/wp-json\/wp\/v2\/comments?post=41"}],"version-history":[{"count":5,"href":"https:\/\/www.ln4solutions.com\/ln4\/wp-json\/wp\/v2\/pages\/41\/revisions"}],"predecessor-version":[{"id":1805,"href":"https:\/\/www.ln4solutions.com\/ln4\/wp-json\/wp\/v2\/pages\/41\/revisions\/1805"}],"up":[{"embeddable":true,"href":"https:\/\/www.ln4solutions.com\/ln4\/wp-json\/wp\/v2\/pages\/8"}],"wp:attachment":[{"href":"https:\/\/www.ln4solutions.com\/ln4\/wp-json\/wp\/v2\/media?parent=41"}],"curies":[{"name":"wp","href":"https:\/\/api.w.org\/{rel}","templated":true}]}}