{"id":44,"date":"2015-11-11T09:40:00","date_gmt":"2015-11-11T08:40:00","guid":{"rendered":"http:\/\/www.ln4solutions.com\/ln4\/?page_id=44"},"modified":"2023-04-12T17:21:40","modified_gmt":"2023-04-12T15:21:40","slug":"due-diligence","status":"publish","type":"page","link":"https:\/\/www.ln4solutions.com\/ln4\/tjanster\/due-diligence\/","title":{"rendered":"Due diligence"},"content":{"rendered":"\n<p><\/p>\n\n\n\n<p>Det finns m\u00e5nga anledningar till att g\u00f6ra en du diligence. En DD kan p\u00e5 f\u00f6renklad svenska beskrivas som en f\u00f6retagsbesiktning. det handlar om att samla in och analysera information om f\u00f6retaget f\u00f6r att kunna utv\u00e4rdera dess tillst\u00e5nd eller &#8217;skick&#8217;, precis som ett hus eller en bil inf\u00f6r en transaktion.<\/p>\n\n\n\n<div class=\"wp-block-columns is-layout-flex wp-container-core-columns-is-layout-9d6595d7 wp-block-columns-is-layout-flex\">\n<div class=\"wp-block-column is-layout-flow wp-block-column-is-layout-flow\">\n<figure class=\"wp-block-image size-large\"><a href=\"https:\/\/www.ln4solutions.com\/ln4\/wp-content\/uploads\/2023\/04\/Technical-due-diligence-Hero-Transparent-SK-07082020.png\"><img loading=\"lazy\" decoding=\"async\" width=\"1024\" height=\"586\" src=\"https:\/\/www.ln4solutions.com\/ln4\/wp-content\/uploads\/2023\/04\/Technical-due-diligence-Hero-Transparent-SK-07082020-1024x586.png\" alt=\"\" class=\"wp-image-1727\" srcset=\"https:\/\/www.ln4solutions.com\/ln4\/wp-content\/uploads\/2023\/04\/Technical-due-diligence-Hero-Transparent-SK-07082020-1024x586.png 1024w, https:\/\/www.ln4solutions.com\/ln4\/wp-content\/uploads\/2023\/04\/Technical-due-diligence-Hero-Transparent-SK-07082020-300x172.png 300w, https:\/\/www.ln4solutions.com\/ln4\/wp-content\/uploads\/2023\/04\/Technical-due-diligence-Hero-Transparent-SK-07082020-768x440.png 768w, https:\/\/www.ln4solutions.com\/ln4\/wp-content\/uploads\/2023\/04\/Technical-due-diligence-Hero-Transparent-SK-07082020.png 1280w\" sizes=\"auto, (max-width: 1024px) 100vw, 1024px\" \/><\/a><\/figure>\n<\/div>\n\n\n\n<div class=\"wp-block-column is-layout-flow wp-block-column-is-layout-flow\">\n<p>F\u00f6retag som har tidrapportering p\u00e5 verksamheter, projekt eller uppdrag kan enkelt genomlysas med programvara fr\u00e5n Ln4 Solutions AB. Genom att helt enkelt l\u00e4sa in data fr\u00e5n tidrapporteringen f\u00f6r alla anst\u00e4llda och konsulter. En spegelbild av f\u00f6retagets kostnadsst\u00e4llen med personal och portf\u00f6ljer skapas direkt f\u00f6r den p\u00e5f\u00f6ljande DD analysen.<\/p>\n\n\n\n<ol class=\"wp-block-list\">\n<li>Till\u00e4mpad projektmognad &#8211; Har organisationen f\u00f6rm\u00e5ga att genomf\u00f6ra projekt enligt plan.<\/li>\n\n\n\n<li>Resurseffektivitet &#8211; I vilken utstr\u00e4ckning anv\u00e4nds l\u00f6nebetald arbetstid till int\u00e4ktsrelaterad debitering<\/li>\n\n\n\n<li>Betald bel\u00e4ggning f\u00f6r kommande 24 m\u00e5nader eller mer.<\/li>\n<\/ol>\n<\/div>\n<\/div>\n","protected":false},"excerpt":{"rendered":"<p>Det finns m\u00e5nga anledningar till att g\u00f6ra en du diligence. En DD kan p\u00e5 f\u00f6renklad svenska beskrivas som en f\u00f6retagsbesiktning. det handlar om att samla in och analysera information om f\u00f6retaget f\u00f6r att kunna utv\u00e4rdera dess tillst\u00e5nd eller &#8217;skick&#8217;, precis som ett hus eller en bil inf\u00f6r en transaktion. F\u00f6retag som har tidrapportering p\u00e5 verksamheter,&hellip;&nbsp;<a href=\"https:\/\/www.ln4solutions.com\/ln4\/tjanster\/due-diligence\/\" class=\"\" rel=\"bookmark\">L\u00e4s mer &raquo;<span class=\"screen-reader-text\">Due diligence<\/span><\/a><\/p>\n","protected":false},"author":1,"featured_media":0,"parent":8,"menu_order":11,"comment_status":"closed","ping_status":"closed","template":"","meta":{"neve_meta_sidebar":"","neve_meta_container":"","neve_meta_enable_content_width":"","neve_meta_content_width":0,"neve_meta_title_alignment":"","neve_meta_author_avatar":"","neve_post_elements_order":"","neve_meta_disable_header":"","neve_meta_disable_footer":"","neve_meta_disable_title":"","_themeisle_gutenberg_block_has_review":false,"_ti_tpc_template_sync":false,"_ti_tpc_template_id":"","footnotes":""},"class_list":["post-44","page","type-page","status-publish","hentry"],"_links":{"self":[{"href":"https:\/\/www.ln4solutions.com\/ln4\/wp-json\/wp\/v2\/pages\/44","targetHints":{"allow":["GET"]}}],"collection":[{"href":"https:\/\/www.ln4solutions.com\/ln4\/wp-json\/wp\/v2\/pages"}],"about":[{"href":"https:\/\/www.ln4solutions.com\/ln4\/wp-json\/wp\/v2\/types\/page"}],"author":[{"embeddable":true,"href":"https:\/\/www.ln4solutions.com\/ln4\/wp-json\/wp\/v2\/users\/1"}],"replies":[{"embeddable":true,"href":"https:\/\/www.ln4solutions.com\/ln4\/wp-json\/wp\/v2\/comments?post=44"}],"version-history":[{"count":5,"href":"https:\/\/www.ln4solutions.com\/ln4\/wp-json\/wp\/v2\/pages\/44\/revisions"}],"predecessor-version":[{"id":1767,"href":"https:\/\/www.ln4solutions.com\/ln4\/wp-json\/wp\/v2\/pages\/44\/revisions\/1767"}],"up":[{"embeddable":true,"href":"https:\/\/www.ln4solutions.com\/ln4\/wp-json\/wp\/v2\/pages\/8"}],"wp:attachment":[{"href":"https:\/\/www.ln4solutions.com\/ln4\/wp-json\/wp\/v2\/media?parent=44"}],"curies":[{"name":"wp","href":"https:\/\/api.w.org\/{rel}","templated":true}]}}