{"id":458,"date":"2016-03-05T17:44:44","date_gmt":"2016-03-05T16:44:44","guid":{"rendered":"http:\/\/www.ln4solutions.com\/ln4\/?page_id=458"},"modified":"2018-09-07T16:31:55","modified_gmt":"2018-09-07T14:31:55","slug":"digital-puls-tavla","status":"publish","type":"page","link":"https:\/\/www.ln4solutions.com\/ln4\/programvara\/digital-puls-tavla\/","title":{"rendered":"PULS-tavla"},"content":{"rendered":"<h1>Digitaliserad PULS-tavla med LeanFour\u2122<\/h1>\n<p>Den digitala PULS-tavlan erbjuder en ut\u00f6kad funktionalitet j\u00e4mf\u00f6rt med en fast tavla och ingen administration annat \u00e4n projektledarnas egna uppdateringar.<\/p>\n<p><a href=\"http:\/\/www.ln4solutions.com\/ln4\/wp-content\/uploads\/2016\/03\/2015-07-10_15-29-35.jpg\" rel=\"attachment wp-att-459\"><img loading=\"lazy\" decoding=\"async\" class=\"alignnone size-full wp-image-459\" src=\"http:\/\/www.ln4solutions.com\/ln4\/wp-content\/uploads\/2016\/03\/2015-07-10_15-29-35.jpg\" alt=\"2015-07-10_15-29-35\" width=\"1608\" height=\"584\" srcset=\"https:\/\/www.ln4solutions.com\/ln4\/wp-content\/uploads\/2016\/03\/2015-07-10_15-29-35.jpg 1608w, https:\/\/www.ln4solutions.com\/ln4\/wp-content\/uploads\/2016\/03\/2015-07-10_15-29-35-300x109.jpg 300w, https:\/\/www.ln4solutions.com\/ln4\/wp-content\/uploads\/2016\/03\/2015-07-10_15-29-35-768x279.jpg 768w, https:\/\/www.ln4solutions.com\/ln4\/wp-content\/uploads\/2016\/03\/2015-07-10_15-29-35-1024x372.jpg 1024w\" sizes=\"auto, (max-width: 1608px) 100vw, 1608px\" \/><\/a><\/p>\n<h2>F\u00f6rdelar med en digital PULS-tavla<\/h2>\n<ul>\n<li>Varje portf\u00f6lj har en egen PULS om konfigureras individuellt.<\/li>\n<li>Varje PULS har en anpassad upps\u00e4ttning av faktorer (ansikten) respektive val av v\u00e4rden, parametrar och KPI:er.<\/li>\n<li>Portf\u00f6ljens inneh\u00e5ll och inb\u00f6rdes prioritering best\u00e4mmer presentationen, ingen \u00f6vrig administration eller st\u00e4dning.<\/li>\n<li>Varje faktor har sin egen upps\u00e4ttning statusl\u00e4gen (ansikten).<\/li>\n<li>\u00d6verg\u00e5ngar mellan faktorernas status kan programmeras f\u00f6r att synligg\u00f6ra hur aktualiteten urholkas och f\u00f6rsvinner.<\/li>\n<li>Till varje faktor h\u00f6r m\u00f6jligheten att skriva daterade kommentarer med l\u00e4nkning etc.<\/li>\n<li>Status p\u00e5 riskbilden kan visas baserat p\u00e5 olika tr\u00f6sklar.<\/li>\n<li>Godk\u00e4nnandestatus f\u00f6r resursplaneringen visas.<\/li>\n<li>Vid genomg\u00e5ngar och PULS-m\u00f6ten kan ett enskilt projekt highlightas.<\/li>\n<li>Under genomg\u00e5ngen kan man g\u00e5 direkt p\u00e5 djupet p\u00e5 varje projekt. Dels till projektets egen PULS, eller \u00f6ppna projektets egna dialogrutor med tillg\u00e5ng till varje detalj.<\/li>\n<\/ul>\n<p>&nbsp;<\/p>\n","protected":false},"excerpt":{"rendered":"<p>Digitaliserad PULS-tavla med LeanFour\u2122 Den digitala PULS-tavlan erbjuder en ut\u00f6kad funktionalitet j\u00e4mf\u00f6rt med en fast tavla och ingen administration annat \u00e4n projektledarnas egna uppdateringar. F\u00f6rdelar med en digital PULS-tavla Varje portf\u00f6lj har en egen PULS om konfigureras individuellt. Varje PULS har en anpassad upps\u00e4ttning av faktorer (ansikten) respektive val av v\u00e4rden, parametrar och KPI:er. Portf\u00f6ljens&hellip;&nbsp;<a href=\"https:\/\/www.ln4solutions.com\/ln4\/programvara\/digital-puls-tavla\/\" class=\"\" rel=\"bookmark\">L\u00e4s mer &raquo;<span class=\"screen-reader-text\">PULS-tavla<\/span><\/a><\/p>\n","protected":false},"author":2,"featured_media":0,"parent":60,"menu_order":5,"comment_status":"closed","ping_status":"closed","template":"","meta":{"neve_meta_sidebar":"","neve_meta_container":"","neve_meta_enable_content_width":"","neve_meta_content_width":0,"neve_meta_title_alignment":"","neve_meta_author_avatar":"","neve_post_elements_order":"","neve_meta_disable_header":"","neve_meta_disable_footer":"","neve_meta_disable_title":"","_themeisle_gutenberg_block_has_review":false,"_ti_tpc_template_sync":false,"_ti_tpc_template_id":"","footnotes":""},"class_list":["post-458","page","type-page","status-publish","hentry"],"_links":{"self":[{"href":"https:\/\/www.ln4solutions.com\/ln4\/wp-json\/wp\/v2\/pages\/458","targetHints":{"allow":["GET"]}}],"collection":[{"href":"https:\/\/www.ln4solutions.com\/ln4\/wp-json\/wp\/v2\/pages"}],"about":[{"href":"https:\/\/www.ln4solutions.com\/ln4\/wp-json\/wp\/v2\/types\/page"}],"author":[{"embeddable":true,"href":"https:\/\/www.ln4solutions.com\/ln4\/wp-json\/wp\/v2\/users\/2"}],"replies":[{"embeddable":true,"href":"https:\/\/www.ln4solutions.com\/ln4\/wp-json\/wp\/v2\/comments?post=458"}],"version-history":[{"count":4,"href":"https:\/\/www.ln4solutions.com\/ln4\/wp-json\/wp\/v2\/pages\/458\/revisions"}],"predecessor-version":[{"id":743,"href":"https:\/\/www.ln4solutions.com\/ln4\/wp-json\/wp\/v2\/pages\/458\/revisions\/743"}],"up":[{"embeddable":true,"href":"https:\/\/www.ln4solutions.com\/ln4\/wp-json\/wp\/v2\/pages\/60"}],"wp:attachment":[{"href":"https:\/\/www.ln4solutions.com\/ln4\/wp-json\/wp\/v2\/media?parent=458"}],"curies":[{"name":"wp","href":"https:\/\/api.w.org\/{rel}","templated":true}]}}