{"id":46,"date":"2015-11-11T09:42:01","date_gmt":"2015-11-11T08:42:01","guid":{"rendered":"http:\/\/www.ln4solutions.com\/ln4\/?page_id=46"},"modified":"2023-02-22T21:42:07","modified_gmt":"2023-02-22T20:42:07","slug":"modell","status":"publish","type":"page","link":"https:\/\/www.ln4solutions.com\/ln4\/modell\/","title":{"rendered":"Modell"},"content":{"rendered":"\n<p><strong>Solutions for Teamwork\u00ae \u2013 Metodramverk<\/strong><br>Solutions for Teamwork\u00ae, SofT\u2122 \u00e4r en modell som beskriver en organisation med alla dess resurser och beslutsfattandet av resursernas anv\u00e4ndning i projekt och f\u00f6r linjearbetet. Det utg\u00f6r ocks\u00e5 ett ramverk med metoder f\u00f6r att praktiskt till\u00e4mpa resursplanering och uppf\u00f6ljning av projekt och resurser. De till\u00e4mpade metoderna st\u00e4mmer v\u00e4l \u00f6verens med principerna f\u00f6r Lean, Scrum, Kanban och \u201dHoshin Kanri\u201d som \u00e4r en del av TQM (Toyota-modellen). Hoshin Kanri st\u00e5r f\u00f6r att det m\u00e5ste finnas en direkt sp\u00e5rbarhet mellan strategiska beslut och den dagliga verksamheten. F\u00f6r en organisation som vill till\u00e4mpa PRINCE2 \u00e4r ramverket Solutions for Teamwork\u00ae och programvaran LeanFour\u2122 Enterprise PMO ett anv\u00e4ndbart komplement.<\/p>\n\n\n\n<figure class=\"wp-block-image\"><a href=\"http:\/\/www.ln4solutions.com\/wp-content\/uploads\/2015\/11\/modellen-matrisorg1.jpg\"><img loading=\"lazy\" decoding=\"async\" width=\"968\" height=\"662\" src=\"http:\/\/www.ln4solutions.com\/wp-content\/uploads\/2015\/11\/modellen-matrisorg1.jpg\" alt=\"modellen-matrisorg1\" class=\"wp-image-47\" srcset=\"https:\/\/www.ln4solutions.com\/ln4\/wp-content\/uploads\/2015\/11\/modellen-matrisorg1.jpg 968w, https:\/\/www.ln4solutions.com\/ln4\/wp-content\/uploads\/2015\/11\/modellen-matrisorg1-300x205.jpg 300w\" sizes=\"auto, (max-width: 968px) 100vw, 968px\" \/><\/a><\/figure>\n\n\n\n<p>Best\u00e4llarorganisationen, portf\u00f6lj\u00e4gare och operativt ansvar f\u00f6r varje projekt \u00e4r en viktig del av ramverket liksom hur nyttorealiseringen blir en transparent del av initiativet. En organisation som arbetar enligt Solutions for Teamwork\u00ae kommer snabbt att \u00f6ka sin projektmognad.<\/p>\n","protected":false},"excerpt":{"rendered":"<p>Solutions for Teamwork\u00ae \u2013 MetodramverkSolutions for Teamwork\u00ae, SofT\u2122 \u00e4r en modell som beskriver en organisation med alla dess resurser och beslutsfattandet av resursernas anv\u00e4ndning i projekt och f\u00f6r linjearbetet. Det utg\u00f6r ocks\u00e5 ett ramverk med metoder f\u00f6r att praktiskt till\u00e4mpa resursplanering och uppf\u00f6ljning av projekt och resurser. De till\u00e4mpade metoderna st\u00e4mmer v\u00e4l \u00f6verens med principerna&hellip;&nbsp;<a href=\"https:\/\/www.ln4solutions.com\/ln4\/modell\/\" class=\"\" rel=\"bookmark\">L\u00e4s mer &raquo;<span class=\"screen-reader-text\">Modell<\/span><\/a><\/p>\n","protected":false},"author":1,"featured_media":0,"parent":0,"menu_order":5,"comment_status":"closed","ping_status":"closed","template":"","meta":{"neve_meta_sidebar":"","neve_meta_container":"","neve_meta_enable_content_width":"","neve_meta_content_width":0,"neve_meta_title_alignment":"","neve_meta_author_avatar":"","neve_post_elements_order":"","neve_meta_disable_header":"","neve_meta_disable_footer":"","neve_meta_disable_title":"","_themeisle_gutenberg_block_has_review":false,"_ti_tpc_template_sync":false,"_ti_tpc_template_id":"","footnotes":""},"class_list":["post-46","page","type-page","status-publish","hentry"],"_links":{"self":[{"href":"https:\/\/www.ln4solutions.com\/ln4\/wp-json\/wp\/v2\/pages\/46","targetHints":{"allow":["GET"]}}],"collection":[{"href":"https:\/\/www.ln4solutions.com\/ln4\/wp-json\/wp\/v2\/pages"}],"about":[{"href":"https:\/\/www.ln4solutions.com\/ln4\/wp-json\/wp\/v2\/types\/page"}],"author":[{"embeddable":true,"href":"https:\/\/www.ln4solutions.com\/ln4\/wp-json\/wp\/v2\/users\/1"}],"replies":[{"embeddable":true,"href":"https:\/\/www.ln4solutions.com\/ln4\/wp-json\/wp\/v2\/comments?post=46"}],"version-history":[{"count":4,"href":"https:\/\/www.ln4solutions.com\/ln4\/wp-json\/wp\/v2\/pages\/46\/revisions"}],"predecessor-version":[{"id":1484,"href":"https:\/\/www.ln4solutions.com\/ln4\/wp-json\/wp\/v2\/pages\/46\/revisions\/1484"}],"wp:attachment":[{"href":"https:\/\/www.ln4solutions.com\/ln4\/wp-json\/wp\/v2\/media?parent=46"}],"curies":[{"name":"wp","href":"https:\/\/api.w.org\/{rel}","templated":true}]}}