{"id":52,"date":"2015-11-11T09:45:28","date_gmt":"2015-11-11T08:45:28","guid":{"rendered":"http:\/\/www.ln4solutions.com\/ln4\/?page_id=52"},"modified":"2023-04-11T22:56:47","modified_gmt":"2023-04-11T20:56:47","slug":"portfoljstyrning","status":"publish","type":"page","link":"https:\/\/www.ln4solutions.com\/ln4\/modell\/portfoljstyrning\/","title":{"rendered":"Portf\u00f6ljstyrning"},"content":{"rendered":"\n<div class=\"wp-block-columns is-layout-flex wp-container-core-columns-is-layout-9d6595d7 wp-block-columns-is-layout-flex\">\n<div class=\"wp-block-column is-layout-flow wp-block-column-is-layout-flow\">\n<figure class=\"wp-block-image size-full\"><a href=\"https:\/\/www.ln4solutions.com\/ln4\/wp-content\/uploads\/2023\/04\/portfoljstyrning.png\"><img loading=\"lazy\" decoding=\"async\" width=\"967\" height=\"548\" src=\"https:\/\/www.ln4solutions.com\/ln4\/wp-content\/uploads\/2023\/04\/portfoljstyrning.png\" alt=\"\" class=\"wp-image-1748\" srcset=\"https:\/\/www.ln4solutions.com\/ln4\/wp-content\/uploads\/2023\/04\/portfoljstyrning.png 967w, https:\/\/www.ln4solutions.com\/ln4\/wp-content\/uploads\/2023\/04\/portfoljstyrning-300x170.png 300w, https:\/\/www.ln4solutions.com\/ln4\/wp-content\/uploads\/2023\/04\/portfoljstyrning-768x435.png 768w\" sizes=\"auto, (max-width: 967px) 100vw, 967px\" \/><\/a><\/figure>\n<\/div>\n\n\n\n<div class=\"wp-block-column is-layout-flow wp-block-column-is-layout-flow\">\n<p><\/p>\n\n\n\n<p>Begreppet portf\u00f6ljstyrning anv\u00e4nds p\u00e5 lite olika s\u00e4tt. Den enklaste till\u00e4mpningen \u00e4r att \u00f6verblicka de projekt som beslutas p\u00e5 en h\u00f6gre ledningsniv\u00e5. H\u00e4r finns det en svag koppling b\u00e5de till budget och resursbel\u00e4ggning, vilken beror p\u00e5 hur det enskilda projektet just nu \u00e4r planerat. <\/p>\n\n\n\n<p>Riktig portf\u00f6ljstyrning uppn\u00e5s d\u00e4remot vid Lean Portfolio Budget d\u00e4r till\u00e5ten resursanv\u00e4ndning styrs av en periodisk f\u00f6rdelning av resurser p\u00e5 ing\u00e5ende initiativ och v\u00e4rdestr\u00f6mmar. <\/p>\n<\/div>\n<\/div>\n\n\n\n<div class=\"wp-block-columns is-layout-flex wp-container-core-columns-is-layout-9d6595d7 wp-block-columns-is-layout-flex\">\n<div class=\"wp-block-column is-layout-flow wp-block-column-is-layout-flow\">\n<p><\/p>\n\n\n\n<p>Budskapet i Lean Portfolio Budget \u00e4r att portf\u00f6ljen har en fix budget och f\u00f6rdelar den p\u00e5 de ing\u00e5ende initiativen. Vid v\u00e4rdestr\u00f6mmar ompr\u00f6vas f\u00f6rdelningen f\u00f6r kommande perioder med ett valt intervall med en prioritering efter det som f\u00f6r tillf\u00e4llet generar b\u00e4st v\u00e4rde. En stor f\u00f6rdel med detta \u00e4r att Resursplaneringen blir v\u00e4ldigt stabil. B\u00e4sta effekten uppn\u00e5s genom att bilda arbetslag (team) vars kapacitet planeras mot portf\u00f6ljens budet och periodisering. D\u00e5 g\u00e5r det till exempel att hantera medarbetare som slutar och ers\u00e4tts av nya utan att tempot f\u00f6r portf\u00f6ljens initiativ p\u00e5verkas.<\/p>\n<\/div>\n\n\n\n<div class=\"wp-block-column is-layout-flow wp-block-column-is-layout-flow\">\n<figure class=\"wp-block-image size-full\"><a href=\"https:\/\/www.ln4solutions.com\/ln4\/wp-content\/uploads\/2023\/04\/agil-styrning.png\"><img loading=\"lazy\" decoding=\"async\" width=\"1002\" height=\"717\" src=\"https:\/\/www.ln4solutions.com\/ln4\/wp-content\/uploads\/2023\/04\/agil-styrning.png\" alt=\"\" class=\"wp-image-1751\" srcset=\"https:\/\/www.ln4solutions.com\/ln4\/wp-content\/uploads\/2023\/04\/agil-styrning.png 1002w, https:\/\/www.ln4solutions.com\/ln4\/wp-content\/uploads\/2023\/04\/agil-styrning-300x215.png 300w, https:\/\/www.ln4solutions.com\/ln4\/wp-content\/uploads\/2023\/04\/agil-styrning-768x550.png 768w\" sizes=\"auto, (max-width: 1002px) 100vw, 1002px\" \/><\/a><\/figure>\n<\/div>\n<\/div>\n\n\n\n<div class=\"wp-block-columns is-layout-flex wp-container-core-columns-is-layout-9d6595d7 wp-block-columns-is-layout-flex\">\n<div class=\"wp-block-column is-layout-flow wp-block-column-is-layout-flow\">\n<figure class=\"wp-block-image size-large\"><a href=\"https:\/\/www.ln4solutions.com\/ln4\/wp-content\/uploads\/2023\/04\/agil-portfolj-OKR.png\"><img loading=\"lazy\" decoding=\"async\" width=\"1024\" height=\"581\" src=\"https:\/\/www.ln4solutions.com\/ln4\/wp-content\/uploads\/2023\/04\/agil-portfolj-OKR-1024x581.png\" alt=\"\" class=\"wp-image-1757\" srcset=\"https:\/\/www.ln4solutions.com\/ln4\/wp-content\/uploads\/2023\/04\/agil-portfolj-OKR-1024x581.png 1024w, https:\/\/www.ln4solutions.com\/ln4\/wp-content\/uploads\/2023\/04\/agil-portfolj-OKR-300x170.png 300w, https:\/\/www.ln4solutions.com\/ln4\/wp-content\/uploads\/2023\/04\/agil-portfolj-OKR-768x436.png 768w, https:\/\/www.ln4solutions.com\/ln4\/wp-content\/uploads\/2023\/04\/agil-portfolj-OKR.png 1519w\" sizes=\"auto, (max-width: 1024px) 100vw, 1024px\" \/><\/a><\/figure>\n<\/div>\n\n\n\n<div class=\"wp-block-column is-layout-flow wp-block-column-is-layout-flow\">\n<p><\/p>\n\n\n\n<p>Bilden visar det strategiska sambandet mellan portf\u00f6ljens strategiska m\u00e5l och dess nyttoeffekt. Organisationens budget f\u00f6rdelas p\u00e5 portf\u00f6ljer och d\u00e4rmed  dess andel av resurskapacitet fr\u00e5n organisationens team. Med detta uppl\u00e4gg blir det enkelt att balansera resurser och efterfr\u00e5gan b\u00e5de p\u00e5 kort och l\u00e5ng sikt.<\/p>\n\n\n\n<p>Nyckelresultaten f\u00f6r portf\u00f6ljens strategiska m\u00e5l m\u00e5ste \u00e5terfinnas som effektm\u00e5l hos n\u00e5got initiativ i portf\u00f6ljen med l\u00f6sningsartefakter. ART ges en tidtabell med stationer likst\u00e4llt med den vanliga milstolpsplaneringen med sin tidpunkter och leveransinneh\u00e5ll vid varje station.<\/p>\n<\/div>\n<\/div>\n","protected":false},"excerpt":{"rendered":"<p>Begreppet portf\u00f6ljstyrning anv\u00e4nds p\u00e5 lite olika s\u00e4tt. Den enklaste till\u00e4mpningen \u00e4r att \u00f6verblicka de projekt som beslutas p\u00e5 en h\u00f6gre ledningsniv\u00e5. H\u00e4r finns det en svag koppling b\u00e5de till budget och resursbel\u00e4ggning, vilken beror p\u00e5 hur det enskilda projektet just nu \u00e4r planerat. Riktig portf\u00f6ljstyrning uppn\u00e5s d\u00e4remot vid Lean Portfolio Budget d\u00e4r till\u00e5ten resursanv\u00e4ndning styrs&hellip;&nbsp;<a href=\"https:\/\/www.ln4solutions.com\/ln4\/modell\/portfoljstyrning\/\" class=\"\" rel=\"bookmark\">L\u00e4s mer &raquo;<span class=\"screen-reader-text\">Portf\u00f6ljstyrning<\/span><\/a><\/p>\n","protected":false},"author":1,"featured_media":0,"parent":46,"menu_order":2,"comment_status":"closed","ping_status":"closed","template":"","meta":{"neve_meta_sidebar":"","neve_meta_container":"","neve_meta_enable_content_width":"","neve_meta_content_width":0,"neve_meta_title_alignment":"","neve_meta_author_avatar":"","neve_post_elements_order":"","neve_meta_disable_header":"","neve_meta_disable_footer":"","neve_meta_disable_title":"","_themeisle_gutenberg_block_has_review":false,"_ti_tpc_template_sync":false,"_ti_tpc_template_id":"","footnotes":""},"class_list":["post-52","page","type-page","status-publish","hentry"],"_links":{"self":[{"href":"https:\/\/www.ln4solutions.com\/ln4\/wp-json\/wp\/v2\/pages\/52","targetHints":{"allow":["GET"]}}],"collection":[{"href":"https:\/\/www.ln4solutions.com\/ln4\/wp-json\/wp\/v2\/pages"}],"about":[{"href":"https:\/\/www.ln4solutions.com\/ln4\/wp-json\/wp\/v2\/types\/page"}],"author":[{"embeddable":true,"href":"https:\/\/www.ln4solutions.com\/ln4\/wp-json\/wp\/v2\/users\/1"}],"replies":[{"embeddable":true,"href":"https:\/\/www.ln4solutions.com\/ln4\/wp-json\/wp\/v2\/comments?post=52"}],"version-history":[{"count":5,"href":"https:\/\/www.ln4solutions.com\/ln4\/wp-json\/wp\/v2\/pages\/52\/revisions"}],"predecessor-version":[{"id":1758,"href":"https:\/\/www.ln4solutions.com\/ln4\/wp-json\/wp\/v2\/pages\/52\/revisions\/1758"}],"up":[{"embeddable":true,"href":"https:\/\/www.ln4solutions.com\/ln4\/wp-json\/wp\/v2\/pages\/46"}],"wp:attachment":[{"href":"https:\/\/www.ln4solutions.com\/ln4\/wp-json\/wp\/v2\/media?parent=52"}],"curies":[{"name":"wp","href":"https:\/\/api.w.org\/{rel}","templated":true}]}}