{"id":55,"date":"2015-11-11T09:46:46","date_gmt":"2015-11-11T08:46:46","guid":{"rendered":"http:\/\/www.ln4solutions.com\/ln4\/?page_id=55"},"modified":"2016-09-30T15:42:33","modified_gmt":"2016-09-30T13:42:33","slug":"initiativstyrmodell","status":"publish","type":"page","link":"https:\/\/www.ln4solutions.com\/ln4\/modell\/initiativstyrmodell\/","title":{"rendered":"Initiativstyrmodell"},"content":{"rendered":"<h1>Styrmodell f\u00f6r Initiativ<\/h1>\n<p>Projekt \u00e4r en komplex hantering med flera beslutsniv\u00e5er och parallella arbetsfl\u00f6den. Beslutsmodellen i Solutions for Teamwork\u00ae hanterar hela beslutet fr\u00e5n initiativ (f\u00f6rb\u00e4ttringsprojekt) till nyttorealisering. Modellen \u00e4r konstruerad f\u00f6r att hantera sm\u00e5 uppdrag s\u00e5v\u00e4l som stora projekt. Modellen st\u00f6djer \u00e4ven det faktum att arbetet i ett projekt ofta f\u00f6rdelas p\u00e5 flera team vars arbete ocks\u00e5 m\u00e5ste vara planerat och redovisas, men d\u00e4r varje team \u00e4nd\u00e5 kan arbeta med sinsemellan olika tekniker.<\/p>\n<p><a href=\"http:\/\/www.ln4solutions.com\/ln4\/wp-content\/uploads\/2015\/11\/SofT-projektmodell.png\"><img loading=\"lazy\" decoding=\"async\" class=\"alignnone size-full wp-image-513\" src=\"http:\/\/www.ln4solutions.com\/ln4\/wp-content\/uploads\/2015\/11\/SofT-projektmodell.png\" alt=\"soft-projektmodell\" width=\"1180\" height=\"340\" srcset=\"https:\/\/www.ln4solutions.com\/ln4\/wp-content\/uploads\/2015\/11\/SofT-projektmodell.png 1180w, https:\/\/www.ln4solutions.com\/ln4\/wp-content\/uploads\/2015\/11\/SofT-projektmodell-300x86.png 300w, https:\/\/www.ln4solutions.com\/ln4\/wp-content\/uploads\/2015\/11\/SofT-projektmodell-768x221.png 768w, https:\/\/www.ln4solutions.com\/ln4\/wp-content\/uploads\/2015\/11\/SofT-projektmodell-1024x295.png 1024w\" sizes=\"auto, (max-width: 1180px) 100vw, 1180px\" \/><\/a><\/p>\n<p>Processen f\u00f6r att till\u00e4mpa initiativets styrmodellen \u00e4r implementerad i programvaran LeanFour\u2122 d\u00e4r de m\u00f6jliga besluten i varje l\u00e4ge framg\u00e5r och besluten loggas med sin motivering.<\/p>\n","protected":false},"excerpt":{"rendered":"<p>Styrmodell f\u00f6r Initiativ Projekt \u00e4r en komplex hantering med flera beslutsniv\u00e5er och parallella arbetsfl\u00f6den. Beslutsmodellen i Solutions for Teamwork\u00ae hanterar hela beslutet fr\u00e5n initiativ (f\u00f6rb\u00e4ttringsprojekt) till nyttorealisering. Modellen \u00e4r konstruerad f\u00f6r att hantera sm\u00e5 uppdrag s\u00e5v\u00e4l som stora projekt. Modellen st\u00f6djer \u00e4ven det faktum att arbetet i ett projekt ofta f\u00f6rdelas p\u00e5 flera team vars&hellip;&nbsp;<a href=\"https:\/\/www.ln4solutions.com\/ln4\/modell\/initiativstyrmodell\/\" class=\"\" rel=\"bookmark\">L\u00e4s mer &raquo;<span class=\"screen-reader-text\">Initiativstyrmodell<\/span><\/a><\/p>\n","protected":false},"author":1,"featured_media":0,"parent":46,"menu_order":3,"comment_status":"closed","ping_status":"closed","template":"","meta":{"neve_meta_sidebar":"","neve_meta_container":"","neve_meta_enable_content_width":"","neve_meta_content_width":0,"neve_meta_title_alignment":"","neve_meta_author_avatar":"","neve_post_elements_order":"","neve_meta_disable_header":"","neve_meta_disable_footer":"","neve_meta_disable_title":"","_themeisle_gutenberg_block_has_review":false,"_ti_tpc_template_sync":false,"_ti_tpc_template_id":"","footnotes":""},"class_list":["post-55","page","type-page","status-publish","hentry"],"_links":{"self":[{"href":"https:\/\/www.ln4solutions.com\/ln4\/wp-json\/wp\/v2\/pages\/55","targetHints":{"allow":["GET"]}}],"collection":[{"href":"https:\/\/www.ln4solutions.com\/ln4\/wp-json\/wp\/v2\/pages"}],"about":[{"href":"https:\/\/www.ln4solutions.com\/ln4\/wp-json\/wp\/v2\/types\/page"}],"author":[{"embeddable":true,"href":"https:\/\/www.ln4solutions.com\/ln4\/wp-json\/wp\/v2\/users\/1"}],"replies":[{"embeddable":true,"href":"https:\/\/www.ln4solutions.com\/ln4\/wp-json\/wp\/v2\/comments?post=55"}],"version-history":[{"count":4,"href":"https:\/\/www.ln4solutions.com\/ln4\/wp-json\/wp\/v2\/pages\/55\/revisions"}],"predecessor-version":[{"id":514,"href":"https:\/\/www.ln4solutions.com\/ln4\/wp-json\/wp\/v2\/pages\/55\/revisions\/514"}],"up":[{"embeddable":true,"href":"https:\/\/www.ln4solutions.com\/ln4\/wp-json\/wp\/v2\/pages\/46"}],"wp:attachment":[{"href":"https:\/\/www.ln4solutions.com\/ln4\/wp-json\/wp\/v2\/media?parent=55"}],"curies":[{"name":"wp","href":"https:\/\/api.w.org\/{rel}","templated":true}]}}