{"id":60,"date":"2015-11-11T09:50:13","date_gmt":"2015-11-11T08:50:13","guid":{"rendered":"http:\/\/www.ln4solutions.com\/ln4\/?page_id=60"},"modified":"2018-09-07T16:11:51","modified_gmt":"2018-09-07T14:11:51","slug":"programvara","status":"publish","type":"page","link":"https:\/\/www.ln4solutions.com\/ln4\/programvara\/","title":{"rendered":"Programvara"},"content":{"rendered":"<p>Detta \u00e4r en PDF p\u00e5 flera sidor -&gt; bl\u00e4ddra f\u00f6r att l\u00e4sa n\u00e4sta sida.<\/p>\n<a href=\"https:\/\/www.ln4solutions.com\/ln4\/wp-content\/uploads\/2018\/09\/Releaseinformation-januari-2018.pdf\" class=\"pdfemb-viewer\" style=\"\" data-width=\"max\" data-height=\"max\" data-toolbar=\"bottom\" data-toolbar-fixed=\"on\">Releaseinformation januari 2018<\/a>\n","protected":false},"excerpt":{"rendered":"<p>Detta \u00e4r en PDF p\u00e5 flera sidor -&gt; bl\u00e4ddra f\u00f6r att l\u00e4sa n\u00e4sta sida.<\/p>\n","protected":false},"author":1,"featured_media":0,"parent":0,"menu_order":6,"comment_status":"closed","ping_status":"closed","template":"","meta":{"neve_meta_sidebar":"","neve_meta_container":"","neve_meta_enable_content_width":"","neve_meta_content_width":0,"neve_meta_title_alignment":"","neve_meta_author_avatar":"","neve_post_elements_order":"","neve_meta_disable_header":"","neve_meta_disable_footer":"","neve_meta_disable_title":"","_themeisle_gutenberg_block_has_review":false,"_ti_tpc_template_sync":false,"_ti_tpc_template_id":"","footnotes":""},"class_list":["post-60","page","type-page","status-publish","hentry"],"_links":{"self":[{"href":"https:\/\/www.ln4solutions.com\/ln4\/wp-json\/wp\/v2\/pages\/60","targetHints":{"allow":["GET"]}}],"collection":[{"href":"https:\/\/www.ln4solutions.com\/ln4\/wp-json\/wp\/v2\/pages"}],"about":[{"href":"https:\/\/www.ln4solutions.com\/ln4\/wp-json\/wp\/v2\/types\/page"}],"author":[{"embeddable":true,"href":"https:\/\/www.ln4solutions.com\/ln4\/wp-json\/wp\/v2\/users\/1"}],"replies":[{"embeddable":true,"href":"https:\/\/www.ln4solutions.com\/ln4\/wp-json\/wp\/v2\/comments?post=60"}],"version-history":[{"count":7,"href":"https:\/\/www.ln4solutions.com\/ln4\/wp-json\/wp\/v2\/pages\/60\/revisions"}],"predecessor-version":[{"id":730,"href":"https:\/\/www.ln4solutions.com\/ln4\/wp-json\/wp\/v2\/pages\/60\/revisions\/730"}],"wp:attachment":[{"href":"https:\/\/www.ln4solutions.com\/ln4\/wp-json\/wp\/v2\/media?parent=60"}],"curies":[{"name":"wp","href":"https:\/\/api.w.org\/{rel}","templated":true}]}}