{"id":693,"date":"2018-09-06T22:30:49","date_gmt":"2018-09-06T20:30:49","guid":{"rendered":"http:\/\/www.ln4solutions.com\/ln4\/?page_id=693"},"modified":"2023-02-23T10:47:45","modified_gmt":"2023-02-23T09:47:45","slug":"milstolpar-leveranser","status":"publish","type":"page","link":"https:\/\/www.ln4solutions.com\/ln4\/programvara\/milstolpar-leveranser\/","title":{"rendered":"Milstolpar"},"content":{"rendered":"\n<p>Detta \u00e4r en PDF p\u00e5 flera sidor -&gt; bl\u00e4ddra f\u00f6r att l\u00e4sa&nbsp;alla sidor.<\/p>\n\n\n<a href=\"https:\/\/www.ln4solutions.com\/ln4\/wp-content\/uploads\/2018\/09\/Milstolpar-och-intessenter-SE-v1.pdf\" class=\"pdfemb-viewer\" style=\"\" data-width=\"max\" data-height=\"max\" data-toolbar=\"bottom\" data-toolbar-fixed=\"on\">Milstolpar och intessenter SE v1<\/a>\n","protected":false},"excerpt":{"rendered":"<p>Detta \u00e4r en PDF p\u00e5 flera sidor -&gt; bl\u00e4ddra f\u00f6r att l\u00e4sa&nbsp;alla sidor.<\/p>\n","protected":false},"author":2,"featured_media":0,"parent":60,"menu_order":0,"comment_status":"closed","ping_status":"closed","template":"","meta":{"neve_meta_sidebar":"","neve_meta_container":"","neve_meta_enable_content_width":"","neve_meta_content_width":0,"neve_meta_title_alignment":"","neve_meta_author_avatar":"","neve_post_elements_order":"","neve_meta_disable_header":"","neve_meta_disable_footer":"","neve_meta_disable_title":"","_themeisle_gutenberg_block_has_review":false,"_ti_tpc_template_sync":false,"_ti_tpc_template_id":"","footnotes":""},"class_list":["post-693","page","type-page","status-publish","hentry"],"_links":{"self":[{"href":"https:\/\/www.ln4solutions.com\/ln4\/wp-json\/wp\/v2\/pages\/693","targetHints":{"allow":["GET"]}}],"collection":[{"href":"https:\/\/www.ln4solutions.com\/ln4\/wp-json\/wp\/v2\/pages"}],"about":[{"href":"https:\/\/www.ln4solutions.com\/ln4\/wp-json\/wp\/v2\/types\/page"}],"author":[{"embeddable":true,"href":"https:\/\/www.ln4solutions.com\/ln4\/wp-json\/wp\/v2\/users\/2"}],"replies":[{"embeddable":true,"href":"https:\/\/www.ln4solutions.com\/ln4\/wp-json\/wp\/v2\/comments?post=693"}],"version-history":[{"count":5,"href":"https:\/\/www.ln4solutions.com\/ln4\/wp-json\/wp\/v2\/pages\/693\/revisions"}],"predecessor-version":[{"id":1531,"href":"https:\/\/www.ln4solutions.com\/ln4\/wp-json\/wp\/v2\/pages\/693\/revisions\/1531"}],"up":[{"embeddable":true,"href":"https:\/\/www.ln4solutions.com\/ln4\/wp-json\/wp\/v2\/pages\/60"}],"wp:attachment":[{"href":"https:\/\/www.ln4solutions.com\/ln4\/wp-json\/wp\/v2\/media?parent=693"}],"curies":[{"name":"wp","href":"https:\/\/api.w.org\/{rel}","templated":true}]}}